{"id":2062,"date":"2025-09-05T14:17:45","date_gmt":"2025-09-05T14:17:45","guid":{"rendered":"https:\/\/www.fairfaxdivorcelawyers.com\/conozca-al-equipo\/elizabeth-dofermire-asistente-legal\/"},"modified":"2026-02-26T22:16:44","modified_gmt":"2026-02-26T22:16:44","slug":"elizabeth-dofermire","status":"publish","type":"page","link":"https:\/\/www.fairfaxdivorcelawyers.com\/es\/conozca-al-equipo\/elizabeth-dofermire\/","title":{"rendered":"Elizabeth Dofermire &#8211; Paralegal"},"content":{"rendered":"\t\t<div data-elementor-type=\"wp-page\" data-elementor-id=\"2062\" class=\"elementor elementor-2062 elementor-696\">\n\t\t\t\t<div class=\"elementor-element elementor-element-f1f0f3d e-flex e-con-boxed wpr-particle-no wpr-jarallax-no wpr-parallax-no wpr-sticky-section-no wpr-equal-height-no e-con e-parent\" data-id=\"f1f0f3d\" data-element_type=\"container\" data-e-type=\"container\" data-settings=\"{&quot;background_background&quot;:&quot;classic&quot;}\">\n\t\t\t\t\t<div class=\"e-con-inner\">\n\t\t\t\t<div class=\"elementor-element elementor-element-feaac18 elementor-widget elementor-widget-heading\" data-id=\"feaac18\" data-element_type=\"widget\" data-e-type=\"widget\" data-widget_type=\"heading.default\">\n\t\t\t\t\t<h1 class=\"elementor-heading-title elementor-size-default\">Elizabeth Dofermire<\/h1>\t\t\t\t<\/div>\n\t\t\t\t\t<\/div>\n\t\t\t\t<\/div>\n\t\t<div class=\"elementor-element elementor-element-b0502aa e-flex e-con-boxed wpr-particle-no wpr-jarallax-no wpr-parallax-no wpr-sticky-section-no wpr-equal-height-no e-con e-parent\" data-id=\"b0502aa\" data-element_type=\"container\" data-e-type=\"container\">\n\t\t\t\t\t<div class=\"e-con-inner\">\n\t\t<div class=\"elementor-element elementor-element-fd32a7f e-con-full e-flex wpr-particle-no wpr-jarallax-no wpr-parallax-no wpr-sticky-section-no wpr-equal-height-no e-con e-child\" data-id=\"fd32a7f\" data-element_type=\"container\" data-e-type=\"container\">\n\t\t\t\t<div class=\"elementor-element elementor-element-70287e6 elementor-widget elementor-widget-image\" data-id=\"70287e6\" data-element_type=\"widget\" data-e-type=\"widget\" data-widget_type=\"image.default\">\n\t\t\t\t\t\t\t\t\t\t\t\t\t\t\t<img fetchpriority=\"high\" decoding=\"async\" width=\"670\" height=\"739\" src=\"https:\/\/www.fairfaxdivorcelawyers.com\/wp-content\/uploads\/2025\/10\/elizabeth-dofermire-asistente-legal-fairfax-divorce-lawyers.png\" class=\"attachment-large size-large wp-image-5336\" alt=\"Elizabeth Dofermire, Asistente Legal En Fairfax Divorce Lawyers\" srcset=\"https:\/\/www.fairfaxdivorcelawyers.com\/wp-content\/uploads\/2025\/10\/elizabeth-dofermire-asistente-legal-fairfax-divorce-lawyers.png 670w, https:\/\/www.fairfaxdivorcelawyers.com\/wp-content\/uploads\/2025\/10\/elizabeth-dofermire-asistente-legal-fairfax-divorce-lawyers-272x300.png 272w\" sizes=\"(max-width: 670px) 100vw, 670px\" \/>\t\t\t\t\t\t\t\t\t\t\t\t\t\t\t<\/div>\n\t\t\t\t<div class=\"elementor-element elementor-element-3afbbb0 elementor-widget elementor-widget-text-editor\" data-id=\"3afbbb0\" data-element_type=\"widget\" data-e-type=\"widget\" data-widget_type=\"text-editor.default\">\n\t\t\t\t\t\t\t\t\t<p>Elizabeth Dofermire<\/p>\t\t\t\t\t\t\t\t<\/div>\n\t\t\t\t<div class=\"elementor-element elementor-element-b7555cb elementor-widget elementor-widget-text-editor\" data-id=\"b7555cb\" data-element_type=\"widget\" data-e-type=\"widget\" data-widget_type=\"text-editor.default\">\n\t\t\t\t\t\t\t\t\t<h2>Paralegal<\/h2>\t\t\t\t\t\t\t\t<\/div>\n\t\t\t\t<div class=\"elementor-element elementor-element-e826292 dark-popup-btn elementor-widget elementor-widget-text-editor\" data-id=\"e826292\" data-element_type=\"widget\" data-e-type=\"widget\" data-widget_type=\"text-editor.default\">\n\t\t\t\t\t\t\t\t\t\r\n\t<a class=\"paoc-popup-click paoc-popup-cust-3938 paoc-popup-simple_link paoc-popup-link\" href=\"javascript:void(0);\">SOLICITAR EVALUACI\u00d3N DE CASO<\/a>\r\n\r\n\t\t\t\t\t\t\t\t<\/div>\n\t\t\t\t<div class=\"elementor-element elementor-element-c804e36 elementor-align-center elementor-widget elementor-widget-button\" data-id=\"c804e36\" data-element_type=\"widget\" data-e-type=\"widget\" data-widget_type=\"button.default\">\n\t\t\t\t\t\t\t\t\t\t<a class=\"elementor-button elementor-button-link elementor-size-sm\" href=\"tel:+1-571-474-1990\">\n\t\t\t\t\t\t<span class=\"elementor-button-content-wrapper\">\n\t\t\t\t\t\t<span class=\"elementor-button-icon\">\n\t\t\t\t<svg aria-hidden=\"true\" class=\"e-font-icon-svg e-fas-phone-alt\" viewBox=\"0 0 512 512\" xmlns=\"http:\/\/www.w3.org\/2000\/svg\"><path d=\"M497.39 361.8l-112-48a24 24 0 0 0-28 6.9l-49.6 60.6A370.66 370.66 0 0 1 130.6 204.11l60.6-49.6a23.94 23.94 0 0 0 6.9-28l-48-112A24.16 24.16 0 0 0 122.6.61l-104 24A24 24 0 0 0 0 48c0 256.5 207.9 464 464 464a24 24 0 0 0 23.4-18.6l24-104a24.29 24.29 0 0 0-14.01-27.6z\"><\/path><\/svg>\t\t\t<\/span>\n\t\t\t\t\t\t\t\t\t<span class=\"elementor-button-text\">(571) 474-1990<\/span>\n\t\t\t\t\t<\/span>\n\t\t\t\t\t<\/a>\n\t\t\t\t\t\t\t\t<\/div>\n\t\t\t\t<\/div>\n\t\t<div class=\"elementor-element elementor-element-28adb43 e-con-full e-flex wpr-particle-no wpr-jarallax-no wpr-parallax-no wpr-sticky-section-no wpr-equal-height-no e-con e-child\" data-id=\"28adb43\" data-element_type=\"container\" data-e-type=\"container\">\n\t\t\t\t<div class=\"elementor-element elementor-element-8927609 elementor-widget elementor-widget-text-editor\" data-id=\"8927609\" data-element_type=\"widget\" data-e-type=\"widget\" data-widget_type=\"text-editor.default\">\n\t\t\t\t\t\t\t\t\t<p>Elizabeth Dofermire es una paralegal de derecho de familia dedicada en Fairfax Divorce Lawyers. Su trayectoria en la firma comenz\u00f3 en la recepci\u00f3n, donde su profesionalidad y compromiso destacaron r\u00e1pidamente. Ascendi\u00f3 al puesto de especialista en facturaci\u00f3n antes de completar el Programa Profesional de Estudios de Asistente Legal de la <a href=\"https:\/\/www.jmu.edu\/index.shtml\" target=\"_blank\" rel=\"noopener\">Universidad James Madison<\/a> en 2024, lo que la prepar\u00f3 para su puesto actual como apoyo de confianza para nuestros abogados y clientes.<\/p><p>En su funci\u00f3n, Elizabeth ayuda a la Divisi\u00f3n de Derecho de Familia con la preparaci\u00f3n de casos, la gesti\u00f3n del descubrimiento de pruebas, la redacci\u00f3n de alegatos, la preparaci\u00f3n de \u00f3rdenes judiciales y el mantenimiento de una estrecha comunicaci\u00f3n con los clientes. Su atenci\u00f3n al detalle y su apoyo constante ayudan a garantizar que los casos avancen sin problemas y que los clientes se sientan atendidos durante las transiciones dif\u00edciles.<\/p><p>Antes de entrar en el campo legal, Elizabeth trabaj\u00f3 como t\u00e9cnica de farmacia certificada, desarrollando habilidades de precisi\u00f3n y organizaci\u00f3n que ahora benefician su trabajo como paralegal.<\/p><p>Fuera de la oficina, a Elizabeth le apasiona profundamente el rescate de animales. Ha adoptado personalmente a cuatro perros de refugios y organizaciones de rescate y es voluntaria activa en la Sociedad Protectora de Animales del Condado de Warren. Tambi\u00e9n le gusta montar a caballo y pasar tiempo con su marido y sus perros.<\/p>\t\t\t\t\t\t\t\t<\/div>\n\t\t\t\t<\/div>\n\t\t\t\t\t<\/div>\n\t\t\t\t<\/div>\n\t\t<div class=\"elementor-element elementor-element-6c42fa7 e-flex e-con-boxed wpr-particle-no wpr-jarallax-no wpr-parallax-no wpr-sticky-section-no wpr-equal-height-no e-con e-parent\" data-id=\"6c42fa7\" data-element_type=\"container\" data-e-type=\"container\">\n\t\t\t\t\t<div class=\"e-con-inner\">\n\t\t<div class=\"elementor-element elementor-element-87983e8 e-con-full e-flex wpr-particle-no wpr-jarallax-no wpr-parallax-no wpr-sticky-section-no wpr-equal-height-no e-con e-child\" data-id=\"87983e8\" data-element_type=\"container\" data-e-type=\"container\" data-settings=\"{&quot;background_background&quot;:&quot;classic&quot;}\">\n\t\t<div class=\"elementor-element elementor-element-9e6441f e-con-full e-flex wpr-particle-no wpr-jarallax-no wpr-parallax-no wpr-sticky-section-no wpr-equal-height-no e-con e-child\" data-id=\"9e6441f\" data-element_type=\"container\" data-e-type=\"container\" data-settings=\"{&quot;background_background&quot;:&quot;classic&quot;}\">\n\t\t\t\t<div class=\"elementor-element elementor-element-551228e elementor-widget elementor-widget-text-editor\" data-id=\"551228e\" data-element_type=\"widget\" data-e-type=\"widget\" data-widget_type=\"text-editor.default\">\n\t\t\t\t\t\t\t\t\t<p>EDUCACI\u00d3N<\/p>\t\t\t\t\t\t\t\t<\/div>\n\t\t<div class=\"elementor-element elementor-element-2c0e2b9 e-con-full e-flex wpr-particle-no wpr-jarallax-no wpr-parallax-no wpr-sticky-section-no wpr-equal-height-no e-con e-child\" data-id=\"2c0e2b9\" data-element_type=\"container\" data-e-type=\"container\" data-settings=\"{&quot;background_background&quot;:&quot;classic&quot;}\">\n\t\t\t\t<div class=\"elementor-element elementor-element-6d56f7f elementor-widget elementor-widget-text-editor\" data-id=\"6d56f7f\" data-element_type=\"widget\" data-e-type=\"widget\" data-widget_type=\"text-editor.default\">\n\t\t\t\t\t\t\t\t\t<p><span style=\"font-weight: 400;\">Programa profesional de estudios de asistente legal, <strong>Universidad James Madison<\/strong> (2024)<\/span><\/p>\t\t\t\t\t\t\t\t<\/div>\n\t\t\t\t<div class=\"elementor-element elementor-element-7a6d7a5 elementor-widget elementor-widget-text-editor\" data-id=\"7a6d7a5\" data-element_type=\"widget\" data-e-type=\"widget\" data-widget_type=\"text-editor.default\">\n\t\t\t\t\t\t\t\t\t<p><span style=\"font-weight: 400;\"><strong>Instituto de Strasburg<\/strong> (2014)<\/span><\/p>\t\t\t\t\t\t\t\t<\/div>\n\t\t\t\t<\/div>\n\t\t\t\t<\/div>\n\t\t<div class=\"elementor-element elementor-element-c3883f0 e-con-full e-flex wpr-particle-no wpr-jarallax-no wpr-parallax-no wpr-sticky-section-no wpr-equal-height-no e-con e-child\" data-id=\"c3883f0\" data-element_type=\"container\" data-e-type=\"container\" data-settings=\"{&quot;background_background&quot;:&quot;classic&quot;}\">\n\t\t\t\t<div class=\"elementor-element elementor-element-0d87b4b elementor-widget elementor-widget-text-editor\" data-id=\"0d87b4b\" data-element_type=\"widget\" data-e-type=\"widget\" data-widget_type=\"text-editor.default\">\n\t\t\t\t\t\t\t\t\t<p>ASOCIACIONES PROFESIONALES<\/p>\t\t\t\t\t\t\t\t<\/div>\n\t\t<div class=\"elementor-element elementor-element-587fad2 e-con-full e-flex wpr-particle-no wpr-jarallax-no wpr-parallax-no wpr-sticky-section-no wpr-equal-height-no e-con e-child\" data-id=\"587fad2\" data-element_type=\"container\" data-e-type=\"container\" data-settings=\"{&quot;background_background&quot;:&quot;classic&quot;}\">\n\t\t\t\t<div class=\"elementor-element elementor-element-79a6945 elementor-widget elementor-widget-text-editor\" data-id=\"79a6945\" data-element_type=\"widget\" data-e-type=\"widget\" data-widget_type=\"text-editor.default\">\n\t\t\t\t\t\t\t\t\t<p><span style=\"font-weight: 400;\">Miembro paraprofesional, <strong>Colegio de Abogados del Condado de Prince William<\/strong> <br \/>(2024\u2013presente)<\/span><\/p><p><span style=\"font-weight: 400;\">Voluntaria, <strong>Sociedad Protectora de Animales del Condado de Warren<\/strong><\/span><\/p>\t\t\t\t\t\t\t\t<\/div>\n\t\t\t\t<\/div>\n\t\t\t\t<\/div>\n\t\t\t\t<\/div>\n\t\t\t\t\t<\/div>\n\t\t\t\t<\/div>\n\t\t\t\t<\/div>\n\t\t","protected":false},"excerpt":{"rendered":"<p>Elizabeth Dofermire Elizabeth Dofermire Paralegal (571) 474-1990 Elizabeth Dofermire es una paralegal de derecho de familia dedicada en Fairfax Divorce Lawyers. Su trayectoria en la firma comenz\u00f3 en la recepci\u00f3n, donde su profesionalidad y compromiso destacaron r\u00e1pidamente. Ascendi\u00f3 al puesto de especialista en facturaci\u00f3n antes de completar el Programa Profesional de Estudios de Asistente Legal de la Universidad James Madison en 2024, lo que la prepar\u00f3 para su puesto actual como apoyo de confianza para nuestros abogados y clientes. En su funci\u00f3n, Elizabeth ayuda a la Divisi\u00f3n de Derecho de Familia con la preparaci\u00f3n de casos, la gesti\u00f3n del descubrimiento de pruebas, la redacci\u00f3n de alegatos, la preparaci\u00f3n de \u00f3rdenes judiciales y el mantenimiento de una estrecha comunicaci\u00f3n con los clientes. Su atenci\u00f3n al detalle y su apoyo constante ayudan a garantizar que los casos avancen sin problemas y que los clientes se sientan atendidos durante las transiciones dif\u00edciles. Antes de entrar en el campo legal, Elizabeth trabaj\u00f3 como t\u00e9cnica de farmacia certificada, desarrollando habilidades de precisi\u00f3n y organizaci\u00f3n que ahora benefician su trabajo como paralegal. Fuera de la oficina, a Elizabeth le apasiona profundamente el rescate de animales. Ha adoptado personalmente a cuatro perros de refugios y organizaciones de rescate y es voluntaria activa en la Sociedad Protectora de Animales del Condado de Warren. Tambi\u00e9n le gusta montar a caballo y pasar tiempo con su marido y sus perros. EDUCACI\u00d3N Programa profesional de estudios de asistente legal, Universidad James Madison (2024) Instituto de Strasburg (2014) ASOCIACIONES PROFESIONALES Miembro paraprofesional, Colegio de Abogados del Condado de Prince William (2024\u2013presente) Voluntaria, Sociedad Protectora de Animales del Condado de Warren<\/p>\n","protected":false},"author":7,"featured_media":0,"parent":1612,"menu_order":0,"comment_status":"closed","ping_status":"closed","template":"","meta":{"_analytify_skip_tracking":false,"rank_math_title":"Elizabeth Dofermire | Paralegal en Fairfax Divorce Lawyers","rank_math_description":"Elizabeth Dofermire, asistente legal de derecho de familia en Fairfax Divorce Lawyers, apoya a abogados y clientes.","rank_math_focus_keyword":"Elizabeth Dofermire","rank_math_canonical_url":"","footnotes":""},"class_list":["post-2062","page","type-page","status-publish","hentry"],"_links":{"self":[{"href":"https:\/\/www.fairfaxdivorcelawyers.com\/es\/wp-json\/wp\/v2\/pages\/2062","targetHints":{"allow":["GET"]}}],"collection":[{"href":"https:\/\/www.fairfaxdivorcelawyers.com\/es\/wp-json\/wp\/v2\/pages"}],"about":[{"href":"https:\/\/www.fairfaxdivorcelawyers.com\/es\/wp-json\/wp\/v2\/types\/page"}],"author":[{"embeddable":true,"href":"https:\/\/www.fairfaxdivorcelawyers.com\/es\/wp-json\/wp\/v2\/users\/7"}],"replies":[{"embeddable":true,"href":"https:\/\/www.fairfaxdivorcelawyers.com\/es\/wp-json\/wp\/v2\/comments?post=2062"}],"version-history":[{"count":14,"href":"https:\/\/www.fairfaxdivorcelawyers.com\/es\/wp-json\/wp\/v2\/pages\/2062\/revisions"}],"predecessor-version":[{"id":6323,"href":"https:\/\/www.fairfaxdivorcelawyers.com\/es\/wp-json\/wp\/v2\/pages\/2062\/revisions\/6323"}],"up":[{"embeddable":true,"href":"https:\/\/www.fairfaxdivorcelawyers.com\/es\/wp-json\/wp\/v2\/pages\/1612"}],"wp:attachment":[{"href":"https:\/\/www.fairfaxdivorcelawyers.com\/es\/wp-json\/wp\/v2\/media?parent=2062"}],"curies":[{"name":"wp","href":"https:\/\/api.w.org\/{rel}","templated":true}]}}