{"id":2140,"date":"2025-09-05T14:25:31","date_gmt":"2025-09-05T14:25:31","guid":{"rendered":"https:\/\/www.fairfaxdivorcelawyers.com\/conozca-al-equipo\/gabriela-nuncio-asistente-legal\/"},"modified":"2026-04-22T13:45:15","modified_gmt":"2026-04-22T13:45:15","slug":"gabriela-nuncio","status":"publish","type":"page","link":"https:\/\/www.fairfaxdivorcelawyers.com\/es\/conozca-al-equipo\/gabriela-nuncio\/","title":{"rendered":"Gabriela Nuncio &#8211; Asistente legal"},"content":{"rendered":"\t\t<div data-elementor-type=\"wp-page\" data-elementor-id=\"2140\" class=\"elementor elementor-2140 elementor-706\">\n\t\t\t\t<div class=\"elementor-element elementor-element-f1f0f3d e-flex e-con-boxed wpr-particle-no wpr-jarallax-no wpr-parallax-no wpr-sticky-section-no wpr-equal-height-no e-con e-parent\" data-id=\"f1f0f3d\" data-element_type=\"container\" data-e-type=\"container\" data-settings=\"{&quot;background_background&quot;:&quot;classic&quot;}\">\n\t\t\t\t\t<div class=\"e-con-inner\">\n\t\t\t\t<div class=\"elementor-element elementor-element-feaac18 elementor-widget elementor-widget-heading\" data-id=\"feaac18\" data-element_type=\"widget\" data-e-type=\"widget\" data-widget_type=\"heading.default\">\n\t\t\t\t\t<h1 class=\"elementor-heading-title elementor-size-default\">Gabriela Nuncio<\/h1>\t\t\t\t<\/div>\n\t\t\t\t\t<\/div>\n\t\t\t\t<\/div>\n\t\t<div class=\"elementor-element elementor-element-b0502aa e-flex e-con-boxed wpr-particle-no wpr-jarallax-no wpr-parallax-no wpr-sticky-section-no wpr-equal-height-no e-con e-parent\" data-id=\"b0502aa\" data-element_type=\"container\" data-e-type=\"container\">\n\t\t\t\t\t<div class=\"e-con-inner\">\n\t\t<div class=\"elementor-element elementor-element-fd32a7f e-con-full e-flex wpr-particle-no wpr-jarallax-no wpr-parallax-no wpr-sticky-section-no wpr-equal-height-no e-con e-child\" data-id=\"fd32a7f\" data-element_type=\"container\" data-e-type=\"container\">\n\t\t\t\t<div class=\"elementor-element elementor-element-70287e6 elementor-widget elementor-widget-image\" data-id=\"70287e6\" data-element_type=\"widget\" data-e-type=\"widget\" data-widget_type=\"image.default\">\n\t\t\t\t\t\t\t\t\t\t\t\t\t\t\t<img fetchpriority=\"high\" decoding=\"async\" width=\"670\" height=\"739\" src=\"https:\/\/www.fairfaxdivorcelawyers.com\/wp-content\/uploads\/2025\/10\/gabriel-nuncio-asistente-legal-bilingue-fairfax-divorce-lawyers.png\" class=\"attachment-large size-large wp-image-5379\" alt=\"Gabriel Nuncio, Asistente Legal Biling\u00fce en Fairfax Divorce Lawyers\" srcset=\"https:\/\/www.fairfaxdivorcelawyers.com\/wp-content\/uploads\/2025\/10\/gabriel-nuncio-asistente-legal-bilingue-fairfax-divorce-lawyers.png 670w, https:\/\/www.fairfaxdivorcelawyers.com\/wp-content\/uploads\/2025\/10\/gabriel-nuncio-asistente-legal-bilingue-fairfax-divorce-lawyers-272x300.png 272w\" sizes=\"(max-width: 670px) 100vw, 670px\" \/>\t\t\t\t\t\t\t\t\t\t\t\t\t\t\t<\/div>\n\t\t\t\t<div class=\"elementor-element elementor-element-3afbbb0 elementor-widget elementor-widget-text-editor\" data-id=\"3afbbb0\" data-element_type=\"widget\" data-e-type=\"widget\" data-widget_type=\"text-editor.default\">\n\t\t\t\t\t\t\t\t\t<p>Gabriela Nuncio<\/p>\t\t\t\t\t\t\t\t<\/div>\n\t\t\t\t<div class=\"elementor-element elementor-element-b7555cb elementor-widget elementor-widget-text-editor\" data-id=\"b7555cb\" data-element_type=\"widget\" data-e-type=\"widget\" data-widget_type=\"text-editor.default\">\n\t\t\t\t\t\t\t\t\t<h2>Paralegal<\/h2>\t\t\t\t\t\t\t\t<\/div>\n\t\t\t\t<div class=\"elementor-element elementor-element-3085c00 elementor-align-center contact-popup elementor-widget elementor-widget-button\" data-id=\"3085c00\" data-element_type=\"widget\" data-e-type=\"widget\" data-widget_type=\"button.default\">\n\t\t\t\t\t\t\t\t\t\t<a class=\"elementor-button elementor-size-sm\" role=\"button\">\n\t\t\t\t\t\t<span class=\"elementor-button-content-wrapper\">\n\t\t\t\t\t\t\t\t\t<span class=\"elementor-button-text\">Solicitar Evaluaci\u00f3n De Caso<\/span>\n\t\t\t\t\t<\/span>\n\t\t\t\t\t<\/a>\n\t\t\t\t\t\t\t\t<\/div>\n\t\t\t\t<div class=\"elementor-element elementor-element-c804e36 elementor-align-center elementor-widget elementor-widget-button\" data-id=\"c804e36\" data-element_type=\"widget\" data-e-type=\"widget\" data-widget_type=\"button.default\">\n\t\t\t\t\t\t\t\t\t\t<a class=\"elementor-button elementor-button-link elementor-size-sm\" href=\"tel:+1-571-474-1990\">\n\t\t\t\t\t\t<span class=\"elementor-button-content-wrapper\">\n\t\t\t\t\t\t<span class=\"elementor-button-icon\">\n\t\t\t\t<svg aria-hidden=\"true\" class=\"e-font-icon-svg e-fas-phone-alt\" viewBox=\"0 0 512 512\" xmlns=\"http:\/\/www.w3.org\/2000\/svg\"><path d=\"M497.39 361.8l-112-48a24 24 0 0 0-28 6.9l-49.6 60.6A370.66 370.66 0 0 1 130.6 204.11l60.6-49.6a23.94 23.94 0 0 0 6.9-28l-48-112A24.16 24.16 0 0 0 122.6.61l-104 24A24 24 0 0 0 0 48c0 256.5 207.9 464 464 464a24 24 0 0 0 23.4-18.6l24-104a24.29 24.29 0 0 0-14.01-27.6z\"><\/path><\/svg>\t\t\t<\/span>\n\t\t\t\t\t\t\t\t\t<span class=\"elementor-button-text\">(571) 474-1990<\/span>\n\t\t\t\t\t<\/span>\n\t\t\t\t\t<\/a>\n\t\t\t\t\t\t\t\t<\/div>\n\t\t\t\t<\/div>\n\t\t<div class=\"elementor-element elementor-element-28adb43 e-con-full e-flex wpr-particle-no wpr-jarallax-no wpr-parallax-no wpr-sticky-section-no wpr-equal-height-no e-con e-child\" data-id=\"28adb43\" data-element_type=\"container\" data-e-type=\"container\">\n\t\t\t\t<div class=\"elementor-element elementor-element-8927609 elementor-widget elementor-widget-text-editor\" data-id=\"8927609\" data-element_type=\"widget\" data-e-type=\"widget\" data-widget_type=\"text-editor.default\">\n\t\t\t\t\t\t\t\t\t<p><a href=\"https:\/\/www.linkedin.com\/in\/gabriela-nuncio-734b7b196\" target=\"_blank\" rel=\"noopener\">Gabriela Nuncio<\/a> es una asistente legal biling\u00fce en Fairfax Divorce Lawyers, que apoya tanto a nuestras divisiones de Derecho de Familia como de Defensa Criminal, incluyendo casos en tribunales estatales y federales. Desempe\u00f1a un papel importante en la preparaci\u00f3n de casos, la redacci\u00f3n de alegatos, \u00f3rdenes judiciales y correspondencia.<\/p><p>Con fluidez en ingl\u00e9s y espa\u00f1ol, Gabriela ayuda a facilitar la comunicaci\u00f3n con nuestra diversa base de clientes, apoyando a las familias con la comprensi\u00f3n a lo largo del proceso legal. Antes de unirse a nuestro equipo, ejerci\u00f3 como abogada licenciada en M\u00e9xico, centr\u00e1ndose en la defensa criminal y el derecho de familia. Tambi\u00e9n imparti\u00f3 clases de derecho en la Universidad Tecnol\u00f3gica de Saltillo. En 2022, ampli\u00f3 su formaci\u00f3n con un certificado en Ingl\u00e9s Jur\u00eddico Americano del Lingua Center de la Universidad Internacional de Florida.<\/p><p>Desde que se mud\u00f3 a los Estados Unidos en 2021, Gabriela ha permanecido profundamente comprometida con el servicio comunitario. Es voluntaria en organizaciones de inmigraci\u00f3n afiliadas a iglesias locales y, desde 2023, ha trabajado como entrevistadora e int\u00e9rprete principal en Restoration Immigration Legal Aid en Arlington, Virginia.<\/p><p>Fuera del trabajo, Gabriela disfruta viajando, pasando d\u00edas soleados en la playa y compartiendo tiempo con su esposo y su gato, Nacho.<\/p>\t\t\t\t\t\t\t\t<\/div>\n\t\t\t\t<\/div>\n\t\t\t\t\t<\/div>\n\t\t\t\t<\/div>\n\t\t<div class=\"elementor-element elementor-element-6c42fa7 e-flex e-con-boxed wpr-particle-no wpr-jarallax-no wpr-parallax-no wpr-sticky-section-no wpr-equal-height-no e-con e-parent\" data-id=\"6c42fa7\" data-element_type=\"container\" data-e-type=\"container\">\n\t\t\t\t\t<div class=\"e-con-inner\">\n\t\t<div class=\"elementor-element elementor-element-87983e8 e-con-full e-flex wpr-particle-no wpr-jarallax-no wpr-parallax-no wpr-sticky-section-no wpr-equal-height-no e-con e-child\" data-id=\"87983e8\" data-element_type=\"container\" data-e-type=\"container\" data-settings=\"{&quot;background_background&quot;:&quot;classic&quot;}\">\n\t\t<div class=\"elementor-element elementor-element-9e6441f e-con-full e-flex wpr-particle-no wpr-jarallax-no wpr-parallax-no wpr-sticky-section-no wpr-equal-height-no e-con e-child\" data-id=\"9e6441f\" data-element_type=\"container\" data-e-type=\"container\" data-settings=\"{&quot;background_background&quot;:&quot;classic&quot;}\">\n\t\t\t\t<div class=\"elementor-element elementor-element-551228e elementor-widget elementor-widget-text-editor\" data-id=\"551228e\" data-element_type=\"widget\" data-e-type=\"widget\" data-widget_type=\"text-editor.default\">\n\t\t\t\t\t\t\t\t\t<p>EDUCACI\u00d3N<\/p>\t\t\t\t\t\t\t\t<\/div>\n\t\t<div class=\"elementor-element elementor-element-2c0e2b9 e-con-full e-flex wpr-particle-no wpr-jarallax-no wpr-parallax-no wpr-sticky-section-no wpr-equal-height-no e-con e-child\" data-id=\"2c0e2b9\" data-element_type=\"container\" data-e-type=\"container\" data-settings=\"{&quot;background_background&quot;:&quot;classic&quot;}\">\n\t\t\t\t<div class=\"elementor-element elementor-element-6d56f7f elementor-widget elementor-widget-text-editor\" data-id=\"6d56f7f\" data-element_type=\"widget\" data-e-type=\"widget\" data-widget_type=\"text-editor.default\">\n\t\t\t\t\t\t\t\t\t<p><strong>Facultad de Derecho<\/strong>: Universidad de Coahuila, Facultad de Jurisprudencia, M\u00e9xico (2019)<br><strong>Universidad<\/strong>: Universidad de Coahuila, Facultad de Jurisprudencia, M\u00e9xico (2019)<\/p>\t\t\t\t\t\t\t\t<\/div>\n\t\t\t\t<\/div>\n\t\t\t\t<\/div>\n\t\t<div class=\"elementor-element elementor-element-c3883f0 e-con-full e-flex wpr-particle-no wpr-jarallax-no wpr-parallax-no wpr-sticky-section-no wpr-equal-height-no e-con e-child\" data-id=\"c3883f0\" data-element_type=\"container\" data-e-type=\"container\" data-settings=\"{&quot;background_background&quot;:&quot;classic&quot;}\">\n\t\t\t\t<div class=\"elementor-element elementor-element-0d87b4b elementor-widget elementor-widget-text-editor\" data-id=\"0d87b4b\" data-element_type=\"widget\" data-e-type=\"widget\" data-widget_type=\"text-editor.default\">\n\t\t\t\t\t\t\t\t\t<p>ASOCIACIONES PROFESIONALES<\/p>\t\t\t\t\t\t\t\t<\/div>\n\t\t<div class=\"elementor-element elementor-element-587fad2 e-con-full e-flex wpr-particle-no wpr-jarallax-no wpr-parallax-no wpr-sticky-section-no wpr-equal-height-no e-con e-child\" data-id=\"587fad2\" data-element_type=\"container\" data-e-type=\"container\" data-settings=\"{&quot;background_background&quot;:&quot;classic&quot;}\">\n\t\t\t\t<div class=\"elementor-element elementor-element-79a6945 elementor-widget elementor-widget-text-editor\" data-id=\"79a6945\" data-element_type=\"widget\" data-e-type=\"widget\" data-widget_type=\"text-editor.default\">\n\t\t\t\t\t\t\t\t\t<p><strong>Udemy<\/strong> investigaci\u00f3n y redacci\u00f3n jur\u00eddica (2024)<\/p><p><strong>Florida international University<\/strong> \u2013 Lingua Center en Ingl\u00e9s Jur\u00eddico Americano (2022)<\/p><p><strong>Suprema Corte de Justicia de la Naci\u00f3n<\/strong> en Derechos Humanos y Derecho Internacional Humanitario (2021)<\/p><p><strong>Harvard University ed\/X en Protecci\u00f3n Infantil<\/strong> \u2013 Derechos del Ni\u00f1o en la Teor\u00eda y la Pr\u00e1ctica (2021)<\/p><p><strong>California Western School of Law<\/strong> \u2013 T\u00e9cnicas de Litigio Oral y Mediaci\u00f3n, con concentraci\u00f3n en el Sistema de Justicia Penal (2019)<\/p>\t\t\t\t\t\t\t\t<\/div>\n\t\t\t\t<\/div>\n\t\t\t\t<\/div>\n\t\t\t\t<\/div>\n\t\t\t\t\t<\/div>\n\t\t\t\t<\/div>\n\t\t\t\t<\/div>\n\t\t","protected":false},"excerpt":{"rendered":"<p>Gabriela Nuncio Gabriela Nuncio Paralegal Solicitar Evaluaci\u00f3n De Caso (571) 474-1990 Gabriela Nuncio es una asistente legal biling\u00fce en Fairfax Divorce Lawyers, que apoya tanto a nuestras divisiones de Derecho de Familia como de Defensa Criminal, incluyendo casos en tribunales estatales y federales. Desempe\u00f1a un papel importante en la preparaci\u00f3n de casos, la redacci\u00f3n de alegatos, \u00f3rdenes judiciales y correspondencia. Con fluidez en ingl\u00e9s y espa\u00f1ol, Gabriela ayuda a facilitar la comunicaci\u00f3n con nuestra diversa base de clientes, apoyando a las familias con la comprensi\u00f3n a lo largo del proceso legal. Antes de unirse a nuestro equipo, ejerci\u00f3 como abogada licenciada en M\u00e9xico, centr\u00e1ndose en la defensa criminal y el derecho de familia. Tambi\u00e9n imparti\u00f3 clases de derecho en la Universidad Tecnol\u00f3gica de Saltillo. En 2022, ampli\u00f3 su formaci\u00f3n con un certificado en Ingl\u00e9s Jur\u00eddico Americano del Lingua Center de la Universidad Internacional de Florida. Desde que se mud\u00f3 a los Estados Unidos en 2021, Gabriela ha permanecido profundamente comprometida con el servicio comunitario. Es voluntaria en organizaciones de inmigraci\u00f3n afiliadas a iglesias locales y, desde 2023, ha trabajado como entrevistadora e int\u00e9rprete principal en Restoration Immigration Legal Aid en Arlington, Virginia. Fuera del trabajo, Gabriela disfruta viajando, pasando d\u00edas soleados en la playa y compartiendo tiempo con su esposo y su gato, Nacho. EDUCACI\u00d3N Facultad de Derecho: Universidad de Coahuila, Facultad de Jurisprudencia, M\u00e9xico (2019)Universidad: Universidad de Coahuila, Facultad de Jurisprudencia, M\u00e9xico (2019) ASOCIACIONES PROFESIONALES Udemy investigaci\u00f3n y redacci\u00f3n jur\u00eddica (2024) Florida international University \u2013 Lingua Center en Ingl\u00e9s Jur\u00eddico Americano (2022) Suprema Corte de Justicia de la Naci\u00f3n en Derechos Humanos y Derecho Internacional Humanitario (2021) Harvard University ed\/X en Protecci\u00f3n Infantil \u2013 Derechos del Ni\u00f1o en la Teor\u00eda y la Pr\u00e1ctica (2021) California Western School of Law \u2013 T\u00e9cnicas de Litigio Oral y Mediaci\u00f3n, con concentraci\u00f3n en el Sistema de Justicia Penal (2019)<\/p>\n","protected":false},"author":7,"featured_media":0,"parent":1612,"menu_order":0,"comment_status":"closed","ping_status":"closed","template":"","meta":{"_analytify_skip_tracking":false,"rank_math_title":"Gabriela Nuncio | Asistente Legal en Fairfax Divorce Lawyers","rank_math_description":"Gabriela Nuncio, asistente legal biling\u00fce en Fairfax Divorce Lawyers, apoya en derecho de familia y defensa penal en Virginia. ","rank_math_focus_keyword":"Gabriela Nuncio","rank_math_canonical_url":"","footnotes":""},"class_list":["post-2140","page","type-page","status-publish","hentry"],"_links":{"self":[{"href":"https:\/\/www.fairfaxdivorcelawyers.com\/es\/wp-json\/wp\/v2\/pages\/2140","targetHints":{"allow":["GET"]}}],"collection":[{"href":"https:\/\/www.fairfaxdivorcelawyers.com\/es\/wp-json\/wp\/v2\/pages"}],"about":[{"href":"https:\/\/www.fairfaxdivorcelawyers.com\/es\/wp-json\/wp\/v2\/types\/page"}],"author":[{"embeddable":true,"href":"https:\/\/www.fairfaxdivorcelawyers.com\/es\/wp-json\/wp\/v2\/users\/7"}],"replies":[{"embeddable":true,"href":"https:\/\/www.fairfaxdivorcelawyers.com\/es\/wp-json\/wp\/v2\/comments?post=2140"}],"version-history":[{"count":26,"href":"https:\/\/www.fairfaxdivorcelawyers.com\/es\/wp-json\/wp\/v2\/pages\/2140\/revisions"}],"predecessor-version":[{"id":7458,"href":"https:\/\/www.fairfaxdivorcelawyers.com\/es\/wp-json\/wp\/v2\/pages\/2140\/revisions\/7458"}],"up":[{"embeddable":true,"href":"https:\/\/www.fairfaxdivorcelawyers.com\/es\/wp-json\/wp\/v2\/pages\/1612"}],"wp:attachment":[{"href":"https:\/\/www.fairfaxdivorcelawyers.com\/es\/wp-json\/wp\/v2\/media?parent=2140"}],"curies":[{"name":"wp","href":"https:\/\/api.w.org\/{rel}","templated":true}]}}