{"id":2163,"date":"2025-09-05T14:36:00","date_gmt":"2025-09-05T14:36:00","guid":{"rendered":"https:\/\/www.fairfaxdivorcelawyers.com\/conozca-al-equipo\/suzanne-raulli-especialista-en-facturacion-cuentas-por-cobrar\/"},"modified":"2026-04-22T13:48:36","modified_gmt":"2026-04-22T13:48:36","slug":"suzanne-raulli","status":"publish","type":"page","link":"https:\/\/www.fairfaxdivorcelawyers.com\/es\/conozca-al-equipo\/suzanne-raulli\/","title":{"rendered":"Suzanne Raulli &#8211; Especialista en facturaci\u00f3n\/Cuentas por cobrar"},"content":{"rendered":"\t\t<div data-elementor-type=\"wp-page\" data-elementor-id=\"2163\" class=\"elementor elementor-2163 elementor-717\">\n\t\t\t\t<div class=\"elementor-element elementor-element-f1f0f3d e-flex e-con-boxed wpr-particle-no wpr-jarallax-no wpr-parallax-no wpr-sticky-section-no wpr-equal-height-no e-con e-parent\" data-id=\"f1f0f3d\" data-element_type=\"container\" data-e-type=\"container\" data-settings=\"{&quot;background_background&quot;:&quot;classic&quot;}\">\n\t\t\t\t\t<div class=\"e-con-inner\">\n\t\t\t\t<div class=\"elementor-element elementor-element-feaac18 elementor-widget elementor-widget-heading\" data-id=\"feaac18\" data-element_type=\"widget\" data-e-type=\"widget\" data-widget_type=\"heading.default\">\n\t\t\t\t\t<h1 class=\"elementor-heading-title elementor-size-default\">Suzanne Raulli<\/h1>\t\t\t\t<\/div>\n\t\t\t\t\t<\/div>\n\t\t\t\t<\/div>\n\t\t<div class=\"elementor-element elementor-element-b0502aa e-flex e-con-boxed wpr-particle-no wpr-jarallax-no wpr-parallax-no wpr-sticky-section-no wpr-equal-height-no e-con e-parent\" data-id=\"b0502aa\" data-element_type=\"container\" data-e-type=\"container\">\n\t\t\t\t\t<div class=\"e-con-inner\">\n\t\t<div class=\"elementor-element elementor-element-fd32a7f e-con-full e-flex wpr-particle-no wpr-jarallax-no wpr-parallax-no wpr-sticky-section-no wpr-equal-height-no e-con e-child\" data-id=\"fd32a7f\" data-element_type=\"container\" data-e-type=\"container\">\n\t\t\t\t<div class=\"elementor-element elementor-element-70287e6 elementor-widget elementor-widget-image\" data-id=\"70287e6\" data-element_type=\"widget\" data-e-type=\"widget\" data-widget_type=\"image.default\">\n\t\t\t\t\t\t\t\t\t\t\t\t\t\t\t<img fetchpriority=\"high\" decoding=\"async\" width=\"670\" height=\"739\" src=\"https:\/\/www.fairfaxdivorcelawyers.com\/wp-content\/uploads\/2025\/10\/suzanne-raulli-especialista-de-facturacion-en-fairfax-divorce-lawyers.png\" class=\"attachment-large size-large wp-image-5240\" alt=\"Suzanne Raulli, Especialista de Facturaci\u00f3n en Fairfax Divorce Lawyers\" srcset=\"https:\/\/www.fairfaxdivorcelawyers.com\/wp-content\/uploads\/2025\/10\/suzanne-raulli-especialista-de-facturacion-en-fairfax-divorce-lawyers.png 670w, https:\/\/www.fairfaxdivorcelawyers.com\/wp-content\/uploads\/2025\/10\/suzanne-raulli-especialista-de-facturacion-en-fairfax-divorce-lawyers-272x300.png 272w\" sizes=\"(max-width: 670px) 100vw, 670px\" \/>\t\t\t\t\t\t\t\t\t\t\t\t\t\t\t<\/div>\n\t\t\t\t<div class=\"elementor-element elementor-element-3afbbb0 elementor-widget elementor-widget-text-editor\" data-id=\"3afbbb0\" data-element_type=\"widget\" data-e-type=\"widget\" data-widget_type=\"text-editor.default\">\n\t\t\t\t\t\t\t\t\t<p>Suzanne Raulli<\/p>\t\t\t\t\t\t\t\t<\/div>\n\t\t\t\t<div class=\"elementor-element elementor-element-b7555cb elementor-widget elementor-widget-text-editor\" data-id=\"b7555cb\" data-element_type=\"widget\" data-e-type=\"widget\" data-widget_type=\"text-editor.default\">\n\t\t\t\t\t\t\t\t\t<h2>Especialista en facturaci\u00f3n \/ cuentas por cobrar<\/h2>\t\t\t\t\t\t\t\t<\/div>\n\t\t\t\t<div class=\"elementor-element elementor-element-5ed89d9 elementor-align-center contact-popup elementor-widget elementor-widget-button\" data-id=\"5ed89d9\" data-element_type=\"widget\" data-e-type=\"widget\" data-widget_type=\"button.default\">\n\t\t\t\t\t\t\t\t\t\t<a class=\"elementor-button elementor-size-sm\" role=\"button\">\n\t\t\t\t\t\t<span class=\"elementor-button-content-wrapper\">\n\t\t\t\t\t\t\t\t\t<span class=\"elementor-button-text\">Solicitar Evaluaci\u00f3n De Caso<\/span>\n\t\t\t\t\t<\/span>\n\t\t\t\t\t<\/a>\n\t\t\t\t\t\t\t\t<\/div>\n\t\t\t\t<div class=\"elementor-element elementor-element-c804e36 elementor-align-center elementor-widget elementor-widget-button\" data-id=\"c804e36\" data-element_type=\"widget\" data-e-type=\"widget\" data-widget_type=\"button.default\">\n\t\t\t\t\t\t\t\t\t\t<a class=\"elementor-button elementor-button-link elementor-size-sm\" href=\"tel:+1-571-474-1990\">\n\t\t\t\t\t\t<span class=\"elementor-button-content-wrapper\">\n\t\t\t\t\t\t<span class=\"elementor-button-icon\">\n\t\t\t\t<svg aria-hidden=\"true\" class=\"e-font-icon-svg e-fas-phone-alt\" viewBox=\"0 0 512 512\" xmlns=\"http:\/\/www.w3.org\/2000\/svg\"><path d=\"M497.39 361.8l-112-48a24 24 0 0 0-28 6.9l-49.6 60.6A370.66 370.66 0 0 1 130.6 204.11l60.6-49.6a23.94 23.94 0 0 0 6.9-28l-48-112A24.16 24.16 0 0 0 122.6.61l-104 24A24 24 0 0 0 0 48c0 256.5 207.9 464 464 464a24 24 0 0 0 23.4-18.6l24-104a24.29 24.29 0 0 0-14.01-27.6z\"><\/path><\/svg>\t\t\t<\/span>\n\t\t\t\t\t\t\t\t\t<span class=\"elementor-button-text\">(571) 474-1990<\/span>\n\t\t\t\t\t<\/span>\n\t\t\t\t\t<\/a>\n\t\t\t\t\t\t\t\t<\/div>\n\t\t\t\t<\/div>\n\t\t<div class=\"elementor-element elementor-element-28adb43 e-con-full e-flex wpr-particle-no wpr-jarallax-no wpr-parallax-no wpr-sticky-section-no wpr-equal-height-no e-con e-child\" data-id=\"28adb43\" data-element_type=\"container\" data-e-type=\"container\">\n\t\t\t\t<div class=\"elementor-element elementor-element-8927609 elementor-widget elementor-widget-text-editor\" data-id=\"8927609\" data-element_type=\"widget\" data-e-type=\"widget\" data-widget_type=\"text-editor.default\">\n\t\t\t\t\t\t\t\t\t<p>Suzanne Raulli es la especialista en facturaci\u00f3n de Fairfax Divorce Lawyers, donde gestiona los pagos de los clientes y coordina los detalles financieros que mantienen los casos en movimiento sin problemas. Tambi\u00e9n ha desempe\u00f1ado un papel clave en el desarrollo de procesos financieros eficientes que apoyan tanto a la firma como a las familias a las que servimos. <\/p><p>Suzanne aporta d\u00e9cadas de experiencia a su funci\u00f3n. Antes de unirse a nuestro equipo, trabaj\u00f3 durante 35 a\u00f1os como controladora interna en Scope Education Services en Nueva York, supervisando las operaciones financieras con precisi\u00f3n y fiabilidad. Despu\u00e9s de jubilarse y trasladarse de Long Island a Virginia, Suzanne opt\u00f3 por continuar su trabajo en la gesti\u00f3n financiera uni\u00e9ndose a nuestra firma.  <\/p><p>Obtuvo su licenciatura en Artes de <a href=\"https:\/\/www.lincolnchristianinstitute.org\/\" target=\"_blank\" rel=\"noopener\">Lincoln Christian College<\/a>, donde se gradu\u00f3 con la m\u00e1xima distinci\u00f3n acad\u00e9mica (summa cum laude).<\/p><p>Fuera de la oficina, Suzanne participa activamente en su iglesia y disfruta de un estilo de vida activo. Pasa su tiempo libre haciendo senderismo, viajando y asistiendo a su club de lectura mensual. Por encima de todo, valora el tiempo que pasa con su marido, su familia y sus nietos.  <\/p>\t\t\t\t\t\t\t\t<\/div>\n\t\t\t\t<\/div>\n\t\t\t\t\t<\/div>\n\t\t\t\t<\/div>\n\t\t<div class=\"elementor-element elementor-element-6c42fa7 e-flex e-con-boxed wpr-particle-no wpr-jarallax-no wpr-parallax-no wpr-sticky-section-no wpr-equal-height-no e-con e-parent\" data-id=\"6c42fa7\" data-element_type=\"container\" data-e-type=\"container\">\n\t\t\t\t\t<div class=\"e-con-inner\">\n\t\t<div class=\"elementor-element elementor-element-87983e8 e-con-full e-flex wpr-particle-no wpr-jarallax-no wpr-parallax-no wpr-sticky-section-no wpr-equal-height-no e-con e-child\" data-id=\"87983e8\" data-element_type=\"container\" data-e-type=\"container\" data-settings=\"{&quot;background_background&quot;:&quot;classic&quot;}\">\n\t\t<div class=\"elementor-element elementor-element-9e6441f e-con-full e-flex wpr-particle-no wpr-jarallax-no wpr-parallax-no wpr-sticky-section-no wpr-equal-height-no e-con e-child\" data-id=\"9e6441f\" data-element_type=\"container\" data-e-type=\"container\" data-settings=\"{&quot;background_background&quot;:&quot;classic&quot;}\">\n\t\t\t\t<div class=\"elementor-element elementor-element-551228e elementor-widget elementor-widget-text-editor\" data-id=\"551228e\" data-element_type=\"widget\" data-e-type=\"widget\" data-widget_type=\"text-editor.default\">\n\t\t\t\t\t\t\t\t\t<p>EDUCACI\u00d3N<\/p>\t\t\t\t\t\t\t\t<\/div>\n\t\t<div class=\"elementor-element elementor-element-2c0e2b9 e-con-full e-flex wpr-particle-no wpr-jarallax-no wpr-parallax-no wpr-sticky-section-no wpr-equal-height-no e-con e-child\" data-id=\"2c0e2b9\" data-element_type=\"container\" data-e-type=\"container\" data-settings=\"{&quot;background_background&quot;:&quot;classic&quot;}\">\n\t\t\t\t<div class=\"elementor-element elementor-element-6d56f7f elementor-widget elementor-widget-text-editor\" data-id=\"6d56f7f\" data-element_type=\"widget\" data-e-type=\"widget\" data-widget_type=\"text-editor.default\">\n\t\t\t\t\t\t\t\t\t<p><strong>Lincoln Christian College<\/strong>, Licenciatura en Artes con la m\u00e1xima distinci\u00f3n acad\u00e9mica (summa cum laude)<\/p>\t\t\t\t\t\t\t\t<\/div>\n\t\t\t\t<\/div>\n\t\t\t\t<\/div>\n\t\t\t\t<\/div>\n\t\t\t\t\t<\/div>\n\t\t\t\t<\/div>\n\t\t\t\t<\/div>\n\t\t","protected":false},"excerpt":{"rendered":"<p>Suzanne Raulli Suzanne Raulli Especialista en facturaci\u00f3n \/ cuentas por cobrar Solicitar Evaluaci\u00f3n De Caso (571) 474-1990 Suzanne Raulli es la especialista en facturaci\u00f3n de Fairfax Divorce Lawyers, donde gestiona los pagos de los clientes y coordina los detalles financieros que mantienen los casos en movimiento sin problemas. Tambi\u00e9n ha desempe\u00f1ado un papel clave en el desarrollo de procesos financieros eficientes que apoyan tanto a la firma como a las familias a las que servimos. Suzanne aporta d\u00e9cadas de experiencia a su funci\u00f3n. Antes de unirse a nuestro equipo, trabaj\u00f3 durante 35 a\u00f1os como controladora interna en Scope Education Services en Nueva York, supervisando las operaciones financieras con precisi\u00f3n y fiabilidad. Despu\u00e9s de jubilarse y trasladarse de Long Island a Virginia, Suzanne opt\u00f3 por continuar su trabajo en la gesti\u00f3n financiera uni\u00e9ndose a nuestra firma. Obtuvo su licenciatura en Artes de Lincoln Christian College, donde se gradu\u00f3 con la m\u00e1xima distinci\u00f3n acad\u00e9mica (summa cum laude). Fuera de la oficina, Suzanne participa activamente en su iglesia y disfruta de un estilo de vida activo. Pasa su tiempo libre haciendo senderismo, viajando y asistiendo a su club de lectura mensual. Por encima de todo, valora el tiempo que pasa con su marido, su familia y sus nietos. EDUCACI\u00d3N Lincoln Christian College, Licenciatura en Artes con la m\u00e1xima distinci\u00f3n acad\u00e9mica (summa cum laude)<\/p>\n","protected":false},"author":7,"featured_media":0,"parent":1612,"menu_order":0,"comment_status":"closed","ping_status":"closed","template":"","meta":{"_analytify_skip_tracking":false,"rank_math_title":"Suzanne Raulli | Facturaci\u00f3n en Fairfax Divorce Lawyers","rank_math_description":"Suzanne, especialista en facturaci\u00f3n en Fairfax Divorce Lawyers, gestiona pagos de clientes y ayuda con procesos financieros.","rank_math_focus_keyword":"Suzanne Raulli","rank_math_canonical_url":"","footnotes":""},"class_list":["post-2163","page","type-page","status-publish","hentry"],"_links":{"self":[{"href":"https:\/\/www.fairfaxdivorcelawyers.com\/es\/wp-json\/wp\/v2\/pages\/2163","targetHints":{"allow":["GET"]}}],"collection":[{"href":"https:\/\/www.fairfaxdivorcelawyers.com\/es\/wp-json\/wp\/v2\/pages"}],"about":[{"href":"https:\/\/www.fairfaxdivorcelawyers.com\/es\/wp-json\/wp\/v2\/types\/page"}],"author":[{"embeddable":true,"href":"https:\/\/www.fairfaxdivorcelawyers.com\/es\/wp-json\/wp\/v2\/users\/7"}],"replies":[{"embeddable":true,"href":"https:\/\/www.fairfaxdivorcelawyers.com\/es\/wp-json\/wp\/v2\/comments?post=2163"}],"version-history":[{"count":15,"href":"https:\/\/www.fairfaxdivorcelawyers.com\/es\/wp-json\/wp\/v2\/pages\/2163\/revisions"}],"predecessor-version":[{"id":7497,"href":"https:\/\/www.fairfaxdivorcelawyers.com\/es\/wp-json\/wp\/v2\/pages\/2163\/revisions\/7497"}],"up":[{"embeddable":true,"href":"https:\/\/www.fairfaxdivorcelawyers.com\/es\/wp-json\/wp\/v2\/pages\/1612"}],"wp:attachment":[{"href":"https:\/\/www.fairfaxdivorcelawyers.com\/es\/wp-json\/wp\/v2\/media?parent=2163"}],"curies":[{"name":"wp","href":"https:\/\/api.w.org\/{rel}","templated":true}]}}