{"id":5857,"date":"2025-11-17T17:34:13","date_gmt":"2025-11-17T17:34:13","guid":{"rendered":"https:\/\/www.fairfaxdivorcelawyers.com\/?page_id=5857"},"modified":"2026-02-21T15:58:20","modified_gmt":"2026-02-21T15:58:20","slug":"alexandra-mannix","status":"publish","type":"page","link":"https:\/\/www.fairfaxdivorcelawyers.com\/es\/conozca-al-equipo\/alexandra-mannix\/","title":{"rendered":"Alexandra Mannix &#8211; Abogada"},"content":{"rendered":"\t\t<div data-elementor-type=\"wp-page\" data-elementor-id=\"5857\" class=\"elementor elementor-5857 elementor-5848\">\n\t\t\t\t<div class=\"elementor-element elementor-element-f1f0f3d e-flex e-con-boxed wpr-particle-no wpr-jarallax-no wpr-parallax-no wpr-sticky-section-no wpr-equal-height-no e-con e-parent\" data-id=\"f1f0f3d\" data-element_type=\"container\" data-e-type=\"container\" data-settings=\"{&quot;background_background&quot;:&quot;classic&quot;}\">\n\t\t\t\t\t<div class=\"e-con-inner\">\n\t\t\t\t<div class=\"elementor-element elementor-element-feaac18 elementor-widget elementor-widget-heading\" data-id=\"feaac18\" data-element_type=\"widget\" data-e-type=\"widget\" data-widget_type=\"heading.default\">\n\t\t\t\t\t<h1 class=\"elementor-heading-title elementor-size-default\">Alexandra Mannix<\/h1>\t\t\t\t<\/div>\n\t\t\t\t\t<\/div>\n\t\t\t\t<\/div>\n\t\t<div class=\"elementor-element elementor-element-b0502aa e-flex e-con-boxed wpr-particle-no wpr-jarallax-no wpr-parallax-no wpr-sticky-section-no wpr-equal-height-no e-con e-parent\" data-id=\"b0502aa\" data-element_type=\"container\" data-e-type=\"container\">\n\t\t\t\t\t<div class=\"e-con-inner\">\n\t\t<div class=\"elementor-element elementor-element-fd32a7f e-con-full e-flex wpr-particle-no wpr-jarallax-no wpr-parallax-no wpr-sticky-section-no wpr-equal-height-no e-con e-child\" data-id=\"fd32a7f\" data-element_type=\"container\" data-e-type=\"container\">\n\t\t\t\t<div class=\"elementor-element elementor-element-70287e6 elementor-widget elementor-widget-image\" data-id=\"70287e6\" data-element_type=\"widget\" data-e-type=\"widget\" data-widget_type=\"image.default\">\n\t\t\t\t\t\t\t\t\t\t\t\t\t\t\t<img decoding=\"async\" src=\"https:\/\/www.fairfaxdivorcelawyers.com\/wp-content\/uploads\/2025\/11\/alexandra-mannix-abogada-fairfax-divorce-lawyers.png\" title=\"\" alt=\"\" loading=\"lazy\" \/>\t\t\t\t\t\t\t\t\t\t\t\t\t\t\t<\/div>\n\t\t\t\t<div class=\"elementor-element elementor-element-3afbbb0 elementor-widget elementor-widget-text-editor\" data-id=\"3afbbb0\" data-element_type=\"widget\" data-e-type=\"widget\" data-widget_type=\"text-editor.default\">\n\t\t\t\t\t\t\t\t\t<p>Alexandra Mannix<\/p>\t\t\t\t\t\t\t\t<\/div>\n\t\t\t\t<div class=\"elementor-element elementor-element-b7555cb elementor-widget elementor-widget-text-editor\" data-id=\"b7555cb\" data-element_type=\"widget\" data-e-type=\"widget\" data-widget_type=\"text-editor.default\">\n\t\t\t\t\t\t\t\t\t<h2>Abogada<\/h2>\t\t\t\t\t\t\t\t<\/div>\n\t\t\t\t<div class=\"elementor-element elementor-element-e826292 dark-popup-btn elementor-widget elementor-widget-text-editor\" data-id=\"e826292\" data-element_type=\"widget\" data-e-type=\"widget\" data-widget_type=\"text-editor.default\">\n\t\t\t\t\t\t\t\t\t\r\n\t<a class=\"paoc-popup-click paoc-popup-cust-3938 paoc-popup-simple_link paoc-popup-link\" href=\"javascript:void(0);\">SOLICITAR EVALUACI\u00d3N DE CASO<\/a>\r\n\r\n\t\t\t\t\t\t\t\t<\/div>\n\t\t\t\t<div class=\"elementor-element elementor-element-c804e36 elementor-align-center elementor-widget elementor-widget-button\" data-id=\"c804e36\" data-element_type=\"widget\" data-e-type=\"widget\" data-widget_type=\"button.default\">\n\t\t\t\t\t\t\t\t\t\t<a class=\"elementor-button elementor-button-link elementor-size-sm\" href=\"tel:+1-571-474-1990\">\n\t\t\t\t\t\t<span class=\"elementor-button-content-wrapper\">\n\t\t\t\t\t\t<span class=\"elementor-button-icon\">\n\t\t\t\t<svg aria-hidden=\"true\" class=\"e-font-icon-svg e-fas-phone-alt\" viewBox=\"0 0 512 512\" xmlns=\"http:\/\/www.w3.org\/2000\/svg\"><path d=\"M497.39 361.8l-112-48a24 24 0 0 0-28 6.9l-49.6 60.6A370.66 370.66 0 0 1 130.6 204.11l60.6-49.6a23.94 23.94 0 0 0 6.9-28l-48-112A24.16 24.16 0 0 0 122.6.61l-104 24A24 24 0 0 0 0 48c0 256.5 207.9 464 464 464a24 24 0 0 0 23.4-18.6l24-104a24.29 24.29 0 0 0-14.01-27.6z\"><\/path><\/svg>\t\t\t<\/span>\n\t\t\t\t\t\t\t\t\t<span class=\"elementor-button-text\">(571) 474-1990<\/span>\n\t\t\t\t\t<\/span>\n\t\t\t\t\t<\/a>\n\t\t\t\t\t\t\t\t<\/div>\n\t\t\t\t<\/div>\n\t\t<div class=\"elementor-element elementor-element-28adb43 e-con-full e-flex wpr-particle-no wpr-jarallax-no wpr-parallax-no wpr-sticky-section-no wpr-equal-height-no e-con e-child\" data-id=\"28adb43\" data-element_type=\"container\" data-e-type=\"container\">\n\t\t\t\t<div class=\"elementor-element elementor-element-8927609 elementor-widget elementor-widget-text-editor\" data-id=\"8927609\" data-element_type=\"widget\" data-e-type=\"widget\" data-widget_type=\"text-editor.default\">\n\t\t\t\t\t\t\t\t\t<p>En 2025, The Irving Law Firm dio la bienvenida a Alexandra Mannix. Se dedica principalmente a la defensa penal, representando tanto a clientes privados como a clientes indigentes designados por el tribunal. <\/p><p>Antes de incorporarse a la firma, Alexandra trabaj\u00f3 como asistente jur\u00eddica de la Honorable Julia A. Minner en el Tribunal de Circuito del Condado de Frederick, en Frederick, Maryland. Durante sus estudios de Derecho, obtuvo su Certificado de Pr\u00e1ctica de Tercer A\u00f1o y realiz\u00f3 pr\u00e1cticas en las salas del Tribunal de Circuito del Condado de Loudoun y del Tribunal de Circuito del Condado de Arlington. Estas experiencias le permitieron estar en contacto directo con jueces y asistentes jur\u00eddicos en tres tribunales diferentes. Esto le proporcion\u00f3 un profundo conocimiento de las expectativas judiciales y de los fundamentos de una defensa exitosa en los tribunales. Sus responsabilidades inclu\u00edan la redacci\u00f3n de memorandos legales sobre cuestiones complejas, la revisi\u00f3n de informes de investigaci\u00f3n previos a la sentencia y el resumen de los antecedentes de los acusados para las audiencias de sentencia, as\u00ed como la confirmaci\u00f3n del cumplimiento de la legislaci\u00f3n en los expedientes de los casos antes de que se dictaran las sentencias definitivas de divorcio.    <\/p><p>El inter\u00e9s de Alexandra por el sistema judicial y su compromiso con la justicia se reflejan en sus trabajos acad\u00e9micos publicados. En 2023, fue coautora de un cap\u00edtulo del Edward Elgar Research Handbook on Law and Political Systems (Manual de investigaci\u00f3n de Edward Elgar sobre derecho y sistemas pol\u00edticos). El cap\u00edtulo presentaba una investigaci\u00f3n original que examinaba las correlaciones entre el g\u00e9nero, la raza y la afiliaci\u00f3n pol\u00edtica de los jueces y sus veredictos, apelaciones y revocaciones. Para respaldar este estudio, ayud\u00f3 a recopilar un conjunto de datos completo de todos los jueces de primera instancia del estado de Alabama, creando informaci\u00f3n que no exist\u00eda anteriormente para su revisi\u00f3n acad\u00e9mica.   <\/p><p>Alexandra es originaria de Flemington, Nueva Jersey. Se gradu\u00f3 summa cum laude en la Universidad de Nueva Jersey con una licenciatura en Ciencias Pol\u00edticas. A continuaci\u00f3n, asisti\u00f3 a la Facultad de Derecho Antonin Scalia de la Universidad George Mason, donde fue miembro de la revista Journal of Law, Economics and Policy.  <\/p>\t\t\t\t\t\t\t\t<\/div>\n\t\t\t\t<\/div>\n\t\t\t\t\t<\/div>\n\t\t\t\t<\/div>\n\t\t<div class=\"elementor-element elementor-element-6c42fa7 e-flex e-con-boxed wpr-particle-no wpr-jarallax-no wpr-parallax-no wpr-sticky-section-no wpr-equal-height-no e-con e-parent\" data-id=\"6c42fa7\" data-element_type=\"container\" data-e-type=\"container\">\n\t\t\t\t\t<div class=\"e-con-inner\">\n\t\t<div class=\"elementor-element elementor-element-87983e8 e-con-full e-flex wpr-particle-no wpr-jarallax-no wpr-parallax-no wpr-sticky-section-no wpr-equal-height-no e-con e-child\" data-id=\"87983e8\" data-element_type=\"container\" data-e-type=\"container\" data-settings=\"{&quot;background_background&quot;:&quot;classic&quot;}\">\n\t\t<div class=\"elementor-element elementor-element-9e6441f e-con-full e-flex wpr-particle-no wpr-jarallax-no wpr-parallax-no wpr-sticky-section-no wpr-equal-height-no e-con e-child\" data-id=\"9e6441f\" data-element_type=\"container\" data-e-type=\"container\" data-settings=\"{&quot;background_background&quot;:&quot;classic&quot;}\">\n\t\t\t\t<div class=\"elementor-element elementor-element-551228e elementor-widget elementor-widget-text-editor\" data-id=\"551228e\" data-element_type=\"widget\" data-e-type=\"widget\" data-widget_type=\"text-editor.default\">\n\t\t\t\t\t\t\t\t\t<p>EDUCACI\u00d3N<\/p>\t\t\t\t\t\t\t\t<\/div>\n\t\t<div class=\"elementor-element elementor-element-2c0e2b9 e-con-full e-flex wpr-particle-no wpr-jarallax-no wpr-parallax-no wpr-sticky-section-no wpr-equal-height-no e-con e-child\" data-id=\"2c0e2b9\" data-element_type=\"container\" data-e-type=\"container\" data-settings=\"{&quot;background_background&quot;:&quot;classic&quot;}\">\n\t\t\t\t<div class=\"elementor-element elementor-element-6d56f7f elementor-widget elementor-widget-text-editor\" data-id=\"6d56f7f\" data-element_type=\"widget\" data-e-type=\"widget\" data-widget_type=\"text-editor.default\">\n\t\t\t\t\t\t\t\t\t<p><strong>Facultad de Derecho<br><\/strong>George Mason University Antonin Scalia Law School (2024)<\/p>\t\t\t\t\t\t\t\t<\/div>\n\t\t\t\t<div class=\"elementor-element elementor-element-2a93338 elementor-widget elementor-widget-text-editor\" data-id=\"2a93338\" data-element_type=\"widget\" data-e-type=\"widget\" data-widget_type=\"text-editor.default\">\n\t\t\t\t\t\t\t\t\t<p><strong>Universidad<br \/><\/strong>Universidad de New Jersey (2020)<\/p>\t\t\t\t\t\t\t\t<\/div>\n\t\t\t\t<\/div>\n\t\t\t\t<\/div>\n\t\t<div class=\"elementor-element elementor-element-65f049d e-con-full e-flex wpr-particle-no wpr-jarallax-no wpr-parallax-no wpr-sticky-section-no wpr-equal-height-no e-con e-child\" data-id=\"65f049d\" data-element_type=\"container\" data-e-type=\"container\" data-settings=\"{&quot;background_background&quot;:&quot;classic&quot;}\">\n\t\t\t\t<div class=\"elementor-element elementor-element-21a2bc4 elementor-widget elementor-widget-text-editor\" data-id=\"21a2bc4\" data-element_type=\"widget\" data-e-type=\"widget\" data-widget_type=\"text-editor.default\">\n\t\t\t\t\t\t\t\t\t<p>PRACTICE AREAS<\/p>\t\t\t\t\t\t\t\t<\/div>\n\t\t<div class=\"elementor-element elementor-element-d4a3bd2 e-con-full e-flex wpr-particle-no wpr-jarallax-no wpr-parallax-no wpr-sticky-section-no wpr-equal-height-no e-con e-child\" data-id=\"d4a3bd2\" data-element_type=\"container\" data-e-type=\"container\" data-settings=\"{&quot;background_background&quot;:&quot;classic&quot;}\">\n\t\t\t\t<div class=\"elementor-element elementor-element-5acee95 elementor-widget elementor-widget-text-editor\" data-id=\"5acee95\" data-element_type=\"widget\" data-e-type=\"widget\" data-widget_type=\"text-editor.default\">\n\t\t\t\t\t\t\t\t\t<p><b>Derecho Criminal<\/b><\/p>\t\t\t\t\t\t\t\t<\/div>\n\t\t\t\t<\/div>\n\t\t\t\t<\/div>\n\t\t<div class=\"elementor-element elementor-element-d0d5fb2 e-con-full e-flex wpr-particle-no wpr-jarallax-no wpr-parallax-no wpr-sticky-section-no wpr-equal-height-no e-con e-child\" data-id=\"d0d5fb2\" data-element_type=\"container\" data-e-type=\"container\" data-settings=\"{&quot;background_background&quot;:&quot;classic&quot;}\">\n\t\t\t\t<div class=\"elementor-element elementor-element-1e651e3 elementor-widget elementor-widget-text-editor\" data-id=\"1e651e3\" data-element_type=\"widget\" data-e-type=\"widget\" data-widget_type=\"text-editor.default\">\n\t\t\t\t\t\t\t\t\t<p>ASOCIACIONES PROFESIONALES<\/p>\t\t\t\t\t\t\t\t<\/div>\n\t\t<div class=\"elementor-element elementor-element-6403095 e-con-full e-flex wpr-particle-no wpr-jarallax-no wpr-parallax-no wpr-sticky-section-no wpr-equal-height-no e-con e-child\" data-id=\"6403095\" data-element_type=\"container\" data-e-type=\"container\" data-settings=\"{&quot;background_background&quot;:&quot;classic&quot;}\">\n\t\t\t\t<div class=\"elementor-element elementor-element-ff92270 elementor-widget elementor-widget-text-editor\" data-id=\"ff92270\" data-element_type=\"widget\" data-e-type=\"widget\" data-widget_type=\"text-editor.default\">\n\t\t\t\t\t\t\t\t\t<p><strong>Colegio de Abogados de Virginia<\/strong><br><strong>Asociaci\u00f3n de Abogados del Condado de Prince William<\/strong><\/p>\t\t\t\t\t\t\t\t<\/div>\n\t\t\t\t<\/div>\n\t\t\t\t<\/div>\n\t\t\t\t<\/div>\n\t\t\t\t\t<\/div>\n\t\t\t\t<\/div>\n\t\t\t\t<\/div>\n\t\t","protected":false},"excerpt":{"rendered":"<p>Alexandra Mannix Alexandra Mannix Abogada (571) 474-1990 En 2025, The Irving Law Firm dio la bienvenida a Alexandra Mannix. Se dedica principalmente a la defensa penal, representando tanto a clientes privados como a clientes indigentes designados por el tribunal. Antes de incorporarse a la firma, Alexandra trabaj\u00f3 como asistente jur\u00eddica de la Honorable Julia A. Minner en el Tribunal de Circuito del Condado de Frederick, en Frederick, Maryland. Durante sus estudios de Derecho, obtuvo su Certificado de Pr\u00e1ctica de Tercer A\u00f1o y realiz\u00f3 pr\u00e1cticas en las salas del Tribunal de Circuito del Condado de Loudoun y del Tribunal de Circuito del Condado de Arlington. Estas experiencias le permitieron estar en contacto directo con jueces y asistentes jur\u00eddicos en tres tribunales diferentes. Esto le proporcion\u00f3 un profundo conocimiento de las expectativas judiciales y de los fundamentos de una defensa exitosa en los tribunales. Sus responsabilidades inclu\u00edan la redacci\u00f3n de memorandos legales sobre cuestiones complejas, la revisi\u00f3n de informes de investigaci\u00f3n previos a la sentencia y el resumen de los antecedentes de los acusados para las audiencias de sentencia, as\u00ed como la confirmaci\u00f3n del cumplimiento de la legislaci\u00f3n en los expedientes de los casos antes de que se dictaran las sentencias definitivas de divorcio. El inter\u00e9s de Alexandra por el sistema judicial y su compromiso con la justicia se reflejan en sus trabajos acad\u00e9micos publicados. En 2023, fue coautora de un cap\u00edtulo del Edward Elgar Research Handbook on Law and Political Systems (Manual de investigaci\u00f3n de Edward Elgar sobre derecho y sistemas pol\u00edticos). El cap\u00edtulo presentaba una investigaci\u00f3n original que examinaba las correlaciones entre el g\u00e9nero, la raza y la afiliaci\u00f3n pol\u00edtica de los jueces y sus veredictos, apelaciones y revocaciones. Para respaldar este estudio, ayud\u00f3 a recopilar un conjunto de datos completo de todos los jueces de primera instancia del estado de Alabama, creando informaci\u00f3n que no exist\u00eda anteriormente para su revisi\u00f3n acad\u00e9mica. Alexandra es originaria de Flemington, Nueva Jersey. Se gradu\u00f3 summa cum laude en la Universidad de Nueva Jersey con una licenciatura en Ciencias Pol\u00edticas. A continuaci\u00f3n, asisti\u00f3 a la Facultad de Derecho Antonin Scalia de la Universidad George Mason, donde fue miembro de la revista Journal of Law, Economics and Policy. EDUCACI\u00d3N Facultad de DerechoGeorge Mason University Antonin Scalia Law School (2024) UniversidadUniversidad de New Jersey (2020) PRACTICE AREAS Derecho Criminal ASOCIACIONES PROFESIONALES Colegio de Abogados de VirginiaAsociaci\u00f3n de Abogados del Condado de Prince William<\/p>\n","protected":false},"author":7,"featured_media":0,"parent":1612,"menu_order":0,"comment_status":"closed","ping_status":"closed","template":"","meta":{"_analytify_skip_tracking":false,"rank_math_title":"Alexandra Mannix | Abogada en Fairfax Divorce Lawyers","rank_math_description":"Alexandra se centra el derecho penal, representando a clientes contratados y a clientes de defensa designados por el tribunal.","rank_math_focus_keyword":"Alexandra Mannix","rank_math_canonical_url":"","footnotes":""},"class_list":["post-5857","page","type-page","status-publish","hentry"],"_links":{"self":[{"href":"https:\/\/www.fairfaxdivorcelawyers.com\/es\/wp-json\/wp\/v2\/pages\/5857","targetHints":{"allow":["GET"]}}],"collection":[{"href":"https:\/\/www.fairfaxdivorcelawyers.com\/es\/wp-json\/wp\/v2\/pages"}],"about":[{"href":"https:\/\/www.fairfaxdivorcelawyers.com\/es\/wp-json\/wp\/v2\/types\/page"}],"author":[{"embeddable":true,"href":"https:\/\/www.fairfaxdivorcelawyers.com\/es\/wp-json\/wp\/v2\/users\/7"}],"replies":[{"embeddable":true,"href":"https:\/\/www.fairfaxdivorcelawyers.com\/es\/wp-json\/wp\/v2\/comments?post=5857"}],"version-history":[{"count":13,"href":"https:\/\/www.fairfaxdivorcelawyers.com\/es\/wp-json\/wp\/v2\/pages\/5857\/revisions"}],"predecessor-version":[{"id":6296,"href":"https:\/\/www.fairfaxdivorcelawyers.com\/es\/wp-json\/wp\/v2\/pages\/5857\/revisions\/6296"}],"up":[{"embeddable":true,"href":"https:\/\/www.fairfaxdivorcelawyers.com\/es\/wp-json\/wp\/v2\/pages\/1612"}],"wp:attachment":[{"href":"https:\/\/www.fairfaxdivorcelawyers.com\/es\/wp-json\/wp\/v2\/media?parent=5857"}],"curies":[{"name":"wp","href":"https:\/\/api.w.org\/{rel}","templated":true}]}}