{"id":5874,"date":"2025-11-17T18:01:24","date_gmt":"2025-11-17T18:01:24","guid":{"rendered":"https:\/\/www.fairfaxdivorcelawyers.com\/?page_id=5874"},"modified":"2026-04-22T13:45:54","modified_gmt":"2026-04-22T13:45:54","slug":"madison-howell","status":"publish","type":"page","link":"https:\/\/www.fairfaxdivorcelawyers.com\/es\/conozca-al-equipo\/madison-howell\/","title":{"rendered":"Madison Howell &#8211; Abogada"},"content":{"rendered":"\t\t<div data-elementor-type=\"wp-page\" data-elementor-id=\"5874\" class=\"elementor elementor-5874 elementor-5868\">\n\t\t\t\t<div class=\"elementor-element elementor-element-f1f0f3d e-flex e-con-boxed wpr-particle-no wpr-jarallax-no wpr-parallax-no wpr-sticky-section-no wpr-equal-height-no e-con e-parent\" data-id=\"f1f0f3d\" data-element_type=\"container\" data-e-type=\"container\" data-settings=\"{&quot;background_background&quot;:&quot;classic&quot;}\">\n\t\t\t\t\t<div class=\"e-con-inner\">\n\t\t\t\t<div class=\"elementor-element elementor-element-feaac18 elementor-widget elementor-widget-heading\" data-id=\"feaac18\" data-element_type=\"widget\" data-e-type=\"widget\" data-widget_type=\"heading.default\">\n\t\t\t\t\t<h1 class=\"elementor-heading-title elementor-size-default\">Madison Howell<\/h1>\t\t\t\t<\/div>\n\t\t\t\t\t<\/div>\n\t\t\t\t<\/div>\n\t\t<div class=\"elementor-element elementor-element-b0502aa e-flex e-con-boxed wpr-particle-no wpr-jarallax-no wpr-parallax-no wpr-sticky-section-no wpr-equal-height-no e-con e-parent\" data-id=\"b0502aa\" data-element_type=\"container\" data-e-type=\"container\">\n\t\t\t\t\t<div class=\"e-con-inner\">\n\t\t<div class=\"elementor-element elementor-element-fd32a7f e-con-full e-flex wpr-particle-no wpr-jarallax-no wpr-parallax-no wpr-sticky-section-no wpr-equal-height-no e-con e-child\" data-id=\"fd32a7f\" data-element_type=\"container\" data-e-type=\"container\">\n\t\t\t\t<div class=\"elementor-element elementor-element-70287e6 elementor-widget elementor-widget-image\" data-id=\"70287e6\" data-element_type=\"widget\" data-e-type=\"widget\" data-widget_type=\"image.default\">\n\t\t\t\t\t\t\t\t\t\t\t\t\t\t\t<img decoding=\"async\" src=\"https:\/\/www.fairfaxdivorcelawyers.com\/wp-content\/uploads\/2025\/11\/madison-howell-abogada-fairfax-divorce-lawyers.png\" title=\"\" alt=\"\" loading=\"lazy\" \/>\t\t\t\t\t\t\t\t\t\t\t\t\t\t\t<\/div>\n\t\t\t\t<div class=\"elementor-element elementor-element-3afbbb0 elementor-widget elementor-widget-text-editor\" data-id=\"3afbbb0\" data-element_type=\"widget\" data-e-type=\"widget\" data-widget_type=\"text-editor.default\">\n\t\t\t\t\t\t\t\t\t<p>Madison Howell<\/p>\t\t\t\t\t\t\t\t<\/div>\n\t\t\t\t<div class=\"elementor-element elementor-element-b7555cb elementor-widget elementor-widget-text-editor\" data-id=\"b7555cb\" data-element_type=\"widget\" data-e-type=\"widget\" data-widget_type=\"text-editor.default\">\n\t\t\t\t\t\t\t\t\t<h2>Abogada<\/h2>\t\t\t\t\t\t\t\t<\/div>\n\t\t\t\t<div class=\"elementor-element elementor-element-1ee68fc elementor-align-center contact-popup elementor-widget elementor-widget-button\" data-id=\"1ee68fc\" data-element_type=\"widget\" data-e-type=\"widget\" data-widget_type=\"button.default\">\n\t\t\t\t\t\t\t\t\t\t<a class=\"elementor-button elementor-size-sm\" role=\"button\">\n\t\t\t\t\t\t<span class=\"elementor-button-content-wrapper\">\n\t\t\t\t\t\t\t\t\t<span class=\"elementor-button-text\">Solicitar Evaluaci\u00f3n De Caso<\/span>\n\t\t\t\t\t<\/span>\n\t\t\t\t\t<\/a>\n\t\t\t\t\t\t\t\t<\/div>\n\t\t\t\t<div class=\"elementor-element elementor-element-c804e36 elementor-align-center elementor-widget elementor-widget-button\" data-id=\"c804e36\" data-element_type=\"widget\" data-e-type=\"widget\" data-widget_type=\"button.default\">\n\t\t\t\t\t\t\t\t\t\t<a class=\"elementor-button elementor-button-link elementor-size-sm\" href=\"tel:+1-571-474-1990\">\n\t\t\t\t\t\t<span class=\"elementor-button-content-wrapper\">\n\t\t\t\t\t\t<span class=\"elementor-button-icon\">\n\t\t\t\t<svg aria-hidden=\"true\" class=\"e-font-icon-svg e-fas-phone-alt\" viewBox=\"0 0 512 512\" xmlns=\"http:\/\/www.w3.org\/2000\/svg\"><path d=\"M497.39 361.8l-112-48a24 24 0 0 0-28 6.9l-49.6 60.6A370.66 370.66 0 0 1 130.6 204.11l60.6-49.6a23.94 23.94 0 0 0 6.9-28l-48-112A24.16 24.16 0 0 0 122.6.61l-104 24A24 24 0 0 0 0 48c0 256.5 207.9 464 464 464a24 24 0 0 0 23.4-18.6l24-104a24.29 24.29 0 0 0-14.01-27.6z\"><\/path><\/svg>\t\t\t<\/span>\n\t\t\t\t\t\t\t\t\t<span class=\"elementor-button-text\">(571) 474-1990<\/span>\n\t\t\t\t\t<\/span>\n\t\t\t\t\t<\/a>\n\t\t\t\t\t\t\t\t<\/div>\n\t\t\t\t<\/div>\n\t\t<div class=\"elementor-element elementor-element-28adb43 e-con-full e-flex wpr-particle-no wpr-jarallax-no wpr-parallax-no wpr-sticky-section-no wpr-equal-height-no e-con e-child\" data-id=\"28adb43\" data-element_type=\"container\" data-e-type=\"container\">\n\t\t\t\t<div class=\"elementor-element elementor-element-8927609 elementor-widget elementor-widget-text-editor\" data-id=\"8927609\" data-element_type=\"widget\" data-e-type=\"widget\" data-widget_type=\"text-editor.default\">\n\t\t\t\t\t\t\t\t\t<p>En 2025, The Irving Law Firm dio la bienvenida a Madison Howell. Se enfoca en defensa penal y litigios civiles, y trabaja con diferentes equipos para representar a clientes contratados y a clientes indigentes designados por el tribunal. Tambi\u00e9n colabora en la resoluci\u00f3n de disputas civiles tanto en el Tribunal de Circuito como en el Tribunal General de Distrito.  <\/p><p>Madison es originaria de Knoxville, Tennessee. Se gradu\u00f3 en 2021 en Sewanee: The University of the South con una licenciatura en Ciencias Pol\u00edticas y tres especialidades en Biolog\u00eda, Qu\u00edmica y Lenguas Cl\u00e1sicas. Durante sus estudios universitarios, particip\u00f3 en varias sociedades de honor, fue voluntaria en una cl\u00ednica de salud gratuita local y dedic\u00f3 su tiempo a la Casa Ronald McDonald.  <\/p><p>En 2024, obtuvo su t\u00edtulo de Derecho en la Facultad de Derecho Washington and Lee. Durante su estancia all\u00ed, trabaj\u00f3 como editora de la revista German Law Journal, presidi\u00f3 la Asociaci\u00f3n de Derecho Sanitario y fue miembro de la junta directiva de la Organizaci\u00f3n de Estudiantes de Derecho de la Mujer. Tambi\u00e9n trabaj\u00f3 en la Cl\u00ednica para Contribuyentes con Bajos Ingresos, donde ayud\u00f3 a proporcionar asistencia jur\u00eddica gratuita a personas que impugnaban reclamaciones del Servicio de Impuestos Internos (IRS).  <\/p><p>A lo largo de sus estudios de Derecho, Madison adquiri\u00f3 experiencia en una amplia gama de asuntos jur\u00eddicos. Obtuvo una importante experiencia en litigios civiles gracias a unas pr\u00e1cticas externas en la Oficina del Abogado del Departamento de Trabajo de los Estados Unidos en 2023. Tras graduarse y antes de incorporarse al bufete Irving Law Firm, sigui\u00f3 trabajando principalmente en litigios civiles.  <\/p><p>Fuera de la oficina, Madison disfruta leyendo, escuchando podcasts y viajando a nuevos destinos con su marido.<\/p>\t\t\t\t\t\t\t\t<\/div>\n\t\t\t\t<\/div>\n\t\t\t\t\t<\/div>\n\t\t\t\t<\/div>\n\t\t<div class=\"elementor-element elementor-element-6c42fa7 e-flex e-con-boxed wpr-particle-no wpr-jarallax-no wpr-parallax-no wpr-sticky-section-no wpr-equal-height-no e-con e-parent\" data-id=\"6c42fa7\" data-element_type=\"container\" data-e-type=\"container\">\n\t\t\t\t\t<div class=\"e-con-inner\">\n\t\t<div class=\"elementor-element elementor-element-87983e8 e-con-full e-flex wpr-particle-no wpr-jarallax-no wpr-parallax-no wpr-sticky-section-no wpr-equal-height-no e-con e-child\" data-id=\"87983e8\" data-element_type=\"container\" data-e-type=\"container\" data-settings=\"{&quot;background_background&quot;:&quot;classic&quot;}\">\n\t\t<div class=\"elementor-element elementor-element-9e6441f e-con-full e-flex wpr-particle-no wpr-jarallax-no wpr-parallax-no wpr-sticky-section-no wpr-equal-height-no e-con e-child\" data-id=\"9e6441f\" data-element_type=\"container\" data-e-type=\"container\" data-settings=\"{&quot;background_background&quot;:&quot;classic&quot;}\">\n\t\t\t\t<div class=\"elementor-element elementor-element-551228e elementor-widget elementor-widget-text-editor\" data-id=\"551228e\" data-element_type=\"widget\" data-e-type=\"widget\" data-widget_type=\"text-editor.default\">\n\t\t\t\t\t\t\t\t\t<p>EDUCACI\u00d3N<\/p>\t\t\t\t\t\t\t\t<\/div>\n\t\t<div class=\"elementor-element elementor-element-2c0e2b9 e-con-full e-flex wpr-particle-no wpr-jarallax-no wpr-parallax-no wpr-sticky-section-no wpr-equal-height-no e-con e-child\" data-id=\"2c0e2b9\" data-element_type=\"container\" data-e-type=\"container\" data-settings=\"{&quot;background_background&quot;:&quot;classic&quot;}\">\n\t\t\t\t<div class=\"elementor-element elementor-element-6d56f7f elementor-widget elementor-widget-text-editor\" data-id=\"6d56f7f\" data-element_type=\"widget\" data-e-type=\"widget\" data-widget_type=\"text-editor.default\">\n\t\t\t\t\t\t\t\t\t<p><strong>Facultad de Derecho<br><\/strong>Facultad de Derecho Washington and Lee (2024)<\/p>\t\t\t\t\t\t\t\t<\/div>\n\t\t\t\t<div class=\"elementor-element elementor-element-2a93338 elementor-widget elementor-widget-text-editor\" data-id=\"2a93338\" data-element_type=\"widget\" data-e-type=\"widget\" data-widget_type=\"text-editor.default\">\n\t\t\t\t\t\t\t\t\t<p><strong>Universidad<br><\/strong>La Universidad del Sur (2021)<\/p>\t\t\t\t\t\t\t\t<\/div>\n\t\t\t\t<\/div>\n\t\t\t\t<\/div>\n\t\t<div class=\"elementor-element elementor-element-65f049d e-con-full e-flex wpr-particle-no wpr-jarallax-no wpr-parallax-no wpr-sticky-section-no wpr-equal-height-no e-con e-child\" data-id=\"65f049d\" data-element_type=\"container\" data-e-type=\"container\" data-settings=\"{&quot;background_background&quot;:&quot;classic&quot;}\">\n\t\t\t\t<div class=\"elementor-element elementor-element-21a2bc4 elementor-widget elementor-widget-text-editor\" data-id=\"21a2bc4\" data-element_type=\"widget\" data-e-type=\"widget\" data-widget_type=\"text-editor.default\">\n\t\t\t\t\t\t\t\t\t<p>PRACTICE AREAS<\/p>\t\t\t\t\t\t\t\t<\/div>\n\t\t<div class=\"elementor-element elementor-element-d4a3bd2 e-con-full e-flex wpr-particle-no wpr-jarallax-no wpr-parallax-no wpr-sticky-section-no wpr-equal-height-no e-con e-child\" data-id=\"d4a3bd2\" data-element_type=\"container\" data-e-type=\"container\" data-settings=\"{&quot;background_background&quot;:&quot;classic&quot;}\">\n\t\t\t\t<div class=\"elementor-element elementor-element-5acee95 elementor-widget elementor-widget-text-editor\" data-id=\"5acee95\" data-element_type=\"widget\" data-e-type=\"widget\" data-widget_type=\"text-editor.default\">\n\t\t\t\t\t\t\t\t\t<p><b>Derecho Criminal<\/b><\/p>\t\t\t\t\t\t\t\t<\/div>\n\t\t\t\t<\/div>\n\t\t\t\t<\/div>\n\t\t<div class=\"elementor-element elementor-element-d0d5fb2 e-con-full e-flex wpr-particle-no wpr-jarallax-no wpr-parallax-no wpr-sticky-section-no wpr-equal-height-no e-con e-child\" data-id=\"d0d5fb2\" data-element_type=\"container\" data-e-type=\"container\" data-settings=\"{&quot;background_background&quot;:&quot;classic&quot;}\">\n\t\t\t\t<div class=\"elementor-element elementor-element-1e651e3 elementor-widget elementor-widget-text-editor\" data-id=\"1e651e3\" data-element_type=\"widget\" data-e-type=\"widget\" data-widget_type=\"text-editor.default\">\n\t\t\t\t\t\t\t\t\t<p>ASOCIACIONES PROFESIONALES<\/p>\t\t\t\t\t\t\t\t<\/div>\n\t\t<div class=\"elementor-element elementor-element-6403095 e-con-full e-flex wpr-particle-no wpr-jarallax-no wpr-parallax-no wpr-sticky-section-no wpr-equal-height-no e-con e-child\" data-id=\"6403095\" data-element_type=\"container\" data-e-type=\"container\" data-settings=\"{&quot;background_background&quot;:&quot;classic&quot;}\">\n\t\t\t\t<div class=\"elementor-element elementor-element-ff92270 elementor-widget elementor-widget-text-editor\" data-id=\"ff92270\" data-element_type=\"widget\" data-e-type=\"widget\" data-widget_type=\"text-editor.default\">\n\t\t\t\t\t\t\t\t\t<p><strong>Colegio de Abogados del Estado de Virginia<\/strong><br><strong>Asociaci\u00f3n de Abogados Litigantes de Virginia<\/strong><br><strong>Colegio de Abogados de Fairfax<\/strong><br><strong>Colegio de Abogados de Prince William<\/strong><br><strong>Asociaci\u00f3n de Mujeres Abogadas<\/strong><\/p>\t\t\t\t\t\t\t\t<\/div>\n\t\t\t\t<\/div>\n\t\t\t\t<\/div>\n\t\t\t\t<\/div>\n\t\t\t\t\t<\/div>\n\t\t\t\t<\/div>\n\t\t\t\t<\/div>\n\t\t","protected":false},"excerpt":{"rendered":"<p>Madison Howell Madison Howell Abogada Solicitar Evaluaci\u00f3n De Caso (571) 474-1990 En 2025, The Irving Law Firm dio la bienvenida a Madison Howell. Se enfoca en defensa penal y litigios civiles, y trabaja con diferentes equipos para representar a clientes contratados y a clientes indigentes designados por el tribunal. Tambi\u00e9n colabora en la resoluci\u00f3n de disputas civiles tanto en el Tribunal de Circuito como en el Tribunal General de Distrito. Madison es originaria de Knoxville, Tennessee. Se gradu\u00f3 en 2021 en Sewanee: The University of the South con una licenciatura en Ciencias Pol\u00edticas y tres especialidades en Biolog\u00eda, Qu\u00edmica y Lenguas Cl\u00e1sicas. Durante sus estudios universitarios, particip\u00f3 en varias sociedades de honor, fue voluntaria en una cl\u00ednica de salud gratuita local y dedic\u00f3 su tiempo a la Casa Ronald McDonald. En 2024, obtuvo su t\u00edtulo de Derecho en la Facultad de Derecho Washington and Lee. Durante su estancia all\u00ed, trabaj\u00f3 como editora de la revista German Law Journal, presidi\u00f3 la Asociaci\u00f3n de Derecho Sanitario y fue miembro de la junta directiva de la Organizaci\u00f3n de Estudiantes de Derecho de la Mujer. Tambi\u00e9n trabaj\u00f3 en la Cl\u00ednica para Contribuyentes con Bajos Ingresos, donde ayud\u00f3 a proporcionar asistencia jur\u00eddica gratuita a personas que impugnaban reclamaciones del Servicio de Impuestos Internos (IRS). A lo largo de sus estudios de Derecho, Madison adquiri\u00f3 experiencia en una amplia gama de asuntos jur\u00eddicos. Obtuvo una importante experiencia en litigios civiles gracias a unas pr\u00e1cticas externas en la Oficina del Abogado del Departamento de Trabajo de los Estados Unidos en 2023. Tras graduarse y antes de incorporarse al bufete Irving Law Firm, sigui\u00f3 trabajando principalmente en litigios civiles. Fuera de la oficina, Madison disfruta leyendo, escuchando podcasts y viajando a nuevos destinos con su marido. EDUCACI\u00d3N Facultad de DerechoFacultad de Derecho Washington and Lee (2024) UniversidadLa Universidad del Sur (2021) PRACTICE AREAS Derecho Criminal ASOCIACIONES PROFESIONALES Colegio de Abogados del Estado de VirginiaAsociaci\u00f3n de Abogados Litigantes de VirginiaColegio de Abogados de FairfaxColegio de Abogados de Prince WilliamAsociaci\u00f3n de Mujeres Abogadas<\/p>\n","protected":false},"author":7,"featured_media":0,"parent":1612,"menu_order":0,"comment_status":"closed","ping_status":"closed","template":"","meta":{"_analytify_skip_tracking":false,"rank_math_title":"Madison Howell | Abogada en Fairfax Divorce Lawyers","rank_math_description":"Madison ejerce el derecho penal con especial \u00e9nfasis en los litigios civiles.","rank_math_focus_keyword":"Madison Howell","rank_math_canonical_url":"","footnotes":""},"class_list":["post-5874","page","type-page","status-publish","hentry"],"_links":{"self":[{"href":"https:\/\/www.fairfaxdivorcelawyers.com\/es\/wp-json\/wp\/v2\/pages\/5874","targetHints":{"allow":["GET"]}}],"collection":[{"href":"https:\/\/www.fairfaxdivorcelawyers.com\/es\/wp-json\/wp\/v2\/pages"}],"about":[{"href":"https:\/\/www.fairfaxdivorcelawyers.com\/es\/wp-json\/wp\/v2\/types\/page"}],"author":[{"embeddable":true,"href":"https:\/\/www.fairfaxdivorcelawyers.com\/es\/wp-json\/wp\/v2\/users\/7"}],"replies":[{"embeddable":true,"href":"https:\/\/www.fairfaxdivorcelawyers.com\/es\/wp-json\/wp\/v2\/comments?post=5874"}],"version-history":[{"count":10,"href":"https:\/\/www.fairfaxdivorcelawyers.com\/es\/wp-json\/wp\/v2\/pages\/5874\/revisions"}],"predecessor-version":[{"id":7467,"href":"https:\/\/www.fairfaxdivorcelawyers.com\/es\/wp-json\/wp\/v2\/pages\/5874\/revisions\/7467"}],"up":[{"embeddable":true,"href":"https:\/\/www.fairfaxdivorcelawyers.com\/es\/wp-json\/wp\/v2\/pages\/1612"}],"wp:attachment":[{"href":"https:\/\/www.fairfaxdivorcelawyers.com\/es\/wp-json\/wp\/v2\/media?parent=5874"}],"curies":[{"name":"wp","href":"https:\/\/api.w.org\/{rel}","templated":true}]}}