{"id":6153,"date":"2026-02-17T19:57:39","date_gmt":"2026-02-17T19:57:39","guid":{"rendered":"https:\/\/www.fairfaxdivorcelawyers.com\/?page_id=6153"},"modified":"2026-02-26T15:14:29","modified_gmt":"2026-02-26T15:14:29","slug":"dylan-phillips","status":"publish","type":"page","link":"https:\/\/www.fairfaxdivorcelawyers.com\/es\/conozca-al-equipo\/dylan-phillips\/","title":{"rendered":"Dylan Phillips &#8211; Abogado Asociado"},"content":{"rendered":"\t\t<div data-elementor-type=\"wp-page\" data-elementor-id=\"6153\" class=\"elementor elementor-6153 elementor-6145\">\n\t\t\t\t<div class=\"elementor-element elementor-element-f1f0f3d e-flex e-con-boxed wpr-particle-no wpr-jarallax-no wpr-parallax-no wpr-sticky-section-no wpr-equal-height-no e-con e-parent\" data-id=\"f1f0f3d\" data-element_type=\"container\" data-e-type=\"container\" data-settings=\"{&quot;background_background&quot;:&quot;classic&quot;}\">\n\t\t\t\t\t<div class=\"e-con-inner\">\n\t\t\t\t<div class=\"elementor-element elementor-element-feaac18 elementor-widget elementor-widget-heading\" data-id=\"feaac18\" data-element_type=\"widget\" data-e-type=\"widget\" data-widget_type=\"heading.default\">\n\t\t\t\t\t<h1 class=\"elementor-heading-title elementor-size-default\">Dylan Phillips<\/h1>\t\t\t\t<\/div>\n\t\t\t\t\t<\/div>\n\t\t\t\t<\/div>\n\t\t<div class=\"elementor-element elementor-element-b0502aa e-flex e-con-boxed wpr-particle-no wpr-jarallax-no wpr-parallax-no wpr-sticky-section-no wpr-equal-height-no e-con e-parent\" data-id=\"b0502aa\" data-element_type=\"container\" data-e-type=\"container\">\n\t\t\t\t\t<div class=\"e-con-inner\">\n\t\t<div class=\"elementor-element elementor-element-fd32a7f e-con-full e-flex wpr-particle-no wpr-jarallax-no wpr-parallax-no wpr-sticky-section-no wpr-equal-height-no e-con e-child\" data-id=\"fd32a7f\" data-element_type=\"container\" data-e-type=\"container\">\n\t\t\t\t<div class=\"elementor-element elementor-element-70287e6 elementor-widget elementor-widget-image\" data-id=\"70287e6\" data-element_type=\"widget\" data-e-type=\"widget\" data-widget_type=\"image.default\">\n\t\t\t\t\t\t\t\t\t\t\t\t\t\t\t<img decoding=\"async\" src=\"https:\/\/www.fairfaxdivorcelawyers.com\/wp-content\/uploads\/2026\/02\/dylan-phillips-associate-attorney-in-fairfax-divorce-lawyers.webp\" title=\"\" alt=\"Dylan Phillips Associate Attorney In Fairfax Divorce Lawyers\" loading=\"lazy\" \/>\t\t\t\t\t\t\t\t\t\t\t\t\t\t\t<\/div>\n\t\t\t\t<div class=\"elementor-element elementor-element-3afbbb0 elementor-widget elementor-widget-text-editor\" data-id=\"3afbbb0\" data-element_type=\"widget\" data-e-type=\"widget\" data-widget_type=\"text-editor.default\">\n\t\t\t\t\t\t\t\t\tDylan Phillips\t\t\t\t\t\t\t\t<\/div>\n\t\t\t\t<div class=\"elementor-element elementor-element-b7555cb elementor-widget elementor-widget-text-editor\" data-id=\"b7555cb\" data-element_type=\"widget\" data-e-type=\"widget\" data-widget_type=\"text-editor.default\">\n\t\t\t\t\t\t\t\t\t<h2>Abogado asociado<\/h2>\t\t\t\t\t\t\t\t<\/div>\n\t\t\t\t<div class=\"elementor-element elementor-element-e826292 dark-popup-btn elementor-widget elementor-widget-text-editor\" data-id=\"e826292\" data-element_type=\"widget\" data-e-type=\"widget\" data-widget_type=\"text-editor.default\">\n\t\t\t\t\t\t\t\t\t\r\n\t<a class=\"paoc-popup-click paoc-popup-cust-3938 paoc-popup-simple_link paoc-popup-link\" href=\"javascript:void(0);\">SOLICITAR EVALUACI\u00d3N DE CASO<\/a>\r\n\r\n\t\t\t\t\t\t\t\t<\/div>\n\t\t\t\t<div class=\"elementor-element elementor-element-c804e36 elementor-align-center elementor-widget elementor-widget-button\" data-id=\"c804e36\" data-element_type=\"widget\" data-e-type=\"widget\" data-widget_type=\"button.default\">\n\t\t\t\t\t\t\t\t\t\t<a class=\"elementor-button elementor-button-link elementor-size-sm\" href=\"tel:+1-571-474-1990\">\n\t\t\t\t\t\t<span class=\"elementor-button-content-wrapper\">\n\t\t\t\t\t\t<span class=\"elementor-button-icon\">\n\t\t\t\t<svg aria-hidden=\"true\" class=\"e-font-icon-svg e-fas-phone-alt\" viewBox=\"0 0 512 512\" xmlns=\"http:\/\/www.w3.org\/2000\/svg\"><path d=\"M497.39 361.8l-112-48a24 24 0 0 0-28 6.9l-49.6 60.6A370.66 370.66 0 0 1 130.6 204.11l60.6-49.6a23.94 23.94 0 0 0 6.9-28l-48-112A24.16 24.16 0 0 0 122.6.61l-104 24A24 24 0 0 0 0 48c0 256.5 207.9 464 464 464a24 24 0 0 0 23.4-18.6l24-104a24.29 24.29 0 0 0-14.01-27.6z\"><\/path><\/svg>\t\t\t<\/span>\n\t\t\t\t\t\t\t\t\t<span class=\"elementor-button-text\">(571) 474-1990<\/span>\n\t\t\t\t\t<\/span>\n\t\t\t\t\t<\/a>\n\t\t\t\t\t\t\t\t<\/div>\n\t\t\t\t<\/div>\n\t\t<div class=\"elementor-element elementor-element-28adb43 e-con-full e-flex wpr-particle-no wpr-jarallax-no wpr-parallax-no wpr-sticky-section-no wpr-equal-height-no e-con e-child\" data-id=\"28adb43\" data-element_type=\"container\" data-e-type=\"container\">\n\t\t\t\t<div class=\"elementor-element elementor-element-8927609 elementor-widget elementor-widget-text-editor\" data-id=\"8927609\" data-element_type=\"widget\" data-e-type=\"widget\" data-widget_type=\"text-editor.default\">\n\t\t\t\t\t\t\t\t\t<p>Dylan Phillips es miembro del Colegio de Abogados del Estado de Virginia y ha representado a clientes en asuntos relacionados con derecho mercantil y comercial, litigios de apelaci\u00f3n, disputas contractuales y otras formas de litigios civiles. Su trabajo refleja una combinaci\u00f3n de an\u00e1lisis jur\u00eddico y conocimientos pr\u00e1cticos sobre negocios, desarrollados a trav\u00e9s de su pr\u00e1ctica jur\u00eddica y su experiencia previa en consultor\u00eda.<\/p><p>Dylan obtuvo su licenciatura en la Universidad James Madison. Durante ese tiempo, adquiri\u00f3 experiencia temprana en el \u00e1mbito jur\u00eddico trabajando tanto en una firma de defensa penal como en un despacho de derecho de familia. Tras graduarse, trabaj\u00f3 como consultor en Ernst &amp; Young, en el \u00e1rea de garant\u00eda de riesgos, y m\u00e1s tarde en Accenture Federal Services, donde su trabajo se centr\u00f3 en sistemas de gesti\u00f3n de contratos, procesos de auditor\u00eda interna y tecnolog\u00eda con un impacto financiero significativo.<\/p><p>Posteriormente, obtuvo su t\u00edtulo de abogado en la Facultad de Derecho de la Universidad de Richmond, con especializaci\u00f3n en propiedad intelectual y un fuerte \u00e9nfasis en derecho mercantil. Durante sus estudios, Dylan fue editor de la Revista de Derecho y Tecnolog\u00eda, dirigi\u00f3 varias organizaciones estudiantiles, recibi\u00f3 reconocimiento por sus publicaciones en tecnolog\u00eda y derecho de propiedad intelectual, y fue finalista del Concurso de Abogados Iron Tech de Georgetown. Tambi\u00e9n adquiri\u00f3 experiencia pr\u00e1ctica mediante pr\u00e1cticas con un juez del tribunal federal de bancarrota, la Fiscal\u00eda de la Commonwealth de Arlington y un juez del Tribunal de Circuito de Fairfax.<\/p><p>Tras graduarse, Dylan ejerci\u00f3 en una firma especializada en litigios civiles en Fairfax, Virginia. Est\u00e1 habilitado para ejercer ante los tribunales de la Mancomunidad de Virginia, varios Tribunales de Distrito de los Estados Unidos y el Tribunal de Apelaciones del Cuarto Circuito de los Estados Unidos. Sus escritos han aparecido en publicaciones acad\u00e9micas y profesionales, como la Revista de Derecho y Tecnolog\u00eda de la Universidad de Richmond, el blog de la FCPA y en trabajos colaborativos sobre cumplimiento corporativo y derecho de arbitraje.<\/p>\t\t\t\t\t\t\t\t<\/div>\n\t\t\t\t<\/div>\n\t\t\t\t\t<\/div>\n\t\t\t\t<\/div>\n\t\t<div class=\"elementor-element elementor-element-6c42fa7 e-flex e-con-boxed wpr-particle-no wpr-jarallax-no wpr-parallax-no wpr-sticky-section-no wpr-equal-height-no e-con e-parent\" data-id=\"6c42fa7\" data-element_type=\"container\" data-e-type=\"container\">\n\t\t\t\t\t<div class=\"e-con-inner\">\n\t\t<div class=\"elementor-element elementor-element-87983e8 e-con-full e-grid wpr-particle-no wpr-jarallax-no wpr-parallax-no wpr-sticky-section-no wpr-equal-height-no e-con e-child\" data-id=\"87983e8\" data-element_type=\"container\" data-e-type=\"container\" data-settings=\"{&quot;background_background&quot;:&quot;classic&quot;}\">\n\t\t<div class=\"elementor-element elementor-element-9e6441f e-con-full e-flex wpr-particle-no wpr-jarallax-no wpr-parallax-no wpr-sticky-section-no wpr-equal-height-no e-con e-child\" data-id=\"9e6441f\" data-element_type=\"container\" data-e-type=\"container\" data-settings=\"{&quot;background_background&quot;:&quot;classic&quot;}\">\n\t\t\t\t<div class=\"elementor-element elementor-element-551228e elementor-widget elementor-widget-text-editor\" data-id=\"551228e\" data-element_type=\"widget\" data-e-type=\"widget\" data-widget_type=\"text-editor.default\">\n\t\t\t\t\t\t\t\t\t<p>EDUCACI\u00d3N<\/p>\t\t\t\t\t\t\t\t<\/div>\n\t\t<div class=\"elementor-element elementor-element-2c0e2b9 e-con-full e-flex wpr-particle-no wpr-jarallax-no wpr-parallax-no wpr-sticky-section-no wpr-equal-height-no e-con e-child\" data-id=\"2c0e2b9\" data-element_type=\"container\" data-e-type=\"container\" data-settings=\"{&quot;background_background&quot;:&quot;classic&quot;}\">\n\t\t\t\t<div class=\"elementor-element elementor-element-2a93338 elementor-widget elementor-widget-text-editor\" data-id=\"2a93338\" data-element_type=\"widget\" data-e-type=\"widget\" data-widget_type=\"text-editor.default\">\n\t\t\t\t\t\t\t\t\t<p>Doctorado en Derecho, Facultad de Derecho de la Universidad de Richmond (2021)<br \/>Especializaci\u00f3n en Propiedad Intelectual<br \/>Licenciatura en Administraci\u00f3n de Empresas, Universidad James Madison (2015)<br \/>Especializaci\u00f3n en Sistemas Inform\u00e1ticos<br \/>Especializaci\u00f3n en Negocios Europeos<\/p>\t\t\t\t\t\t\t\t<\/div>\n\t\t\t\t<\/div>\n\t\t\t\t<\/div>\n\t\t<div class=\"elementor-element elementor-element-d0d5fb2 e-con-full e-flex wpr-particle-no wpr-jarallax-no wpr-parallax-no wpr-sticky-section-no wpr-equal-height-no e-con e-child\" data-id=\"d0d5fb2\" data-element_type=\"container\" data-e-type=\"container\" data-settings=\"{&quot;background_background&quot;:&quot;classic&quot;}\">\n\t\t\t\t<div class=\"elementor-element elementor-element-1e651e3 elementor-widget elementor-widget-text-editor\" data-id=\"1e651e3\" data-element_type=\"widget\" data-e-type=\"widget\" data-widget_type=\"text-editor.default\">\n\t\t\t\t\t\t\t\t\t<p>\u00c1reas de pr\u00e1ctica<\/p>\t\t\t\t\t\t\t\t<\/div>\n\t\t<div class=\"elementor-element elementor-element-6403095 e-con-full e-flex wpr-particle-no wpr-jarallax-no wpr-parallax-no wpr-sticky-section-no wpr-equal-height-no e-con e-child\" data-id=\"6403095\" data-element_type=\"container\" data-e-type=\"container\" data-settings=\"{&quot;background_background&quot;:&quot;classic&quot;}\">\n\t\t\t\t<div class=\"elementor-element elementor-element-ff92270 elementor-widget elementor-widget-text-editor\" data-id=\"ff92270\" data-element_type=\"widget\" data-e-type=\"widget\" data-widget_type=\"text-editor.default\">\n\t\t\t\t\t\t\t\t\t<p>Derecho mercantil\/Litigios comerciales<br>Litigios de apelaci\u00f3n<br>Derecho contractual<br>Derecho inmobiliario<\/p>\t\t\t\t\t\t\t\t<\/div>\n\t\t\t\t<\/div>\n\t\t\t\t<\/div>\n\t\t<div class=\"elementor-element elementor-element-ea8e9a2 e-con-full e-flex wpr-particle-no wpr-jarallax-no wpr-parallax-no wpr-sticky-section-no wpr-equal-height-no e-con e-child\" data-id=\"ea8e9a2\" data-element_type=\"container\" data-e-type=\"container\" data-settings=\"{&quot;background_background&quot;:&quot;classic&quot;}\">\n\t\t\t\t<div class=\"elementor-element elementor-element-5892f2b elementor-widget elementor-widget-text-editor\" data-id=\"5892f2b\" data-element_type=\"widget\" data-e-type=\"widget\" data-widget_type=\"text-editor.default\">\n\t\t\t\t\t\t\t\t\t<p>Admisi\u00f3n al BAR<\/p>\t\t\t\t\t\t\t\t<\/div>\n\t\t<div class=\"elementor-element elementor-element-4bb3fbf e-con-full e-flex wpr-particle-no wpr-jarallax-no wpr-parallax-no wpr-sticky-section-no wpr-equal-height-no e-con e-child\" data-id=\"4bb3fbf\" data-element_type=\"container\" data-e-type=\"container\" data-settings=\"{&quot;background_background&quot;:&quot;classic&quot;}\">\n\t\t\t\t<div class=\"elementor-element elementor-element-9e03f11 elementor-widget elementor-widget-text-editor\" data-id=\"9e03f11\" data-element_type=\"widget\" data-e-type=\"widget\" data-widget_type=\"text-editor.default\">\n\t\t\t\t\t\t\t\t\t<p>Mancomunidad de Virginia <strong>(2021)<\/strong><br>Tribunal de Distrito de los Estados Unidos, Distrito Este de Virginia <strong>(2022)<\/strong><br>Tribunal de Distrito de los Estados Unidos, Distrito Oeste de Virginia <strong>(2022)<\/strong><br>Tribunal de Distrito de los Estados Unidos, Distrito de Columbia <strong>(2025<\/strong>)<br>Tribunal de Apelaciones de los Estados Unidos, Cuarto Circuito <strong>(2025)<\/strong><\/p>\t\t\t\t\t\t\t\t<\/div>\n\t\t\t\t<\/div>\n\t\t\t\t<\/div>\n\t\t<div class=\"elementor-element elementor-element-54a1b65 e-con-full e-flex wpr-particle-no wpr-jarallax-no wpr-parallax-no wpr-sticky-section-no wpr-equal-height-no e-con e-child\" data-id=\"54a1b65\" data-element_type=\"container\" data-e-type=\"container\" data-settings=\"{&quot;background_background&quot;:&quot;classic&quot;}\">\n\t\t\t\t<div class=\"elementor-element elementor-element-bdd9199 elementor-widget elementor-widget-text-editor\" data-id=\"bdd9199\" data-element_type=\"widget\" data-e-type=\"widget\" data-widget_type=\"text-editor.default\">\n\t\t\t\t\t\t\t\t\t<p>Asociaciones comunitarias y profesionales<\/p>\t\t\t\t\t\t\t\t<\/div>\n\t\t<div class=\"elementor-element elementor-element-fae760d e-con-full e-flex wpr-particle-no wpr-jarallax-no wpr-parallax-no wpr-sticky-section-no wpr-equal-height-no e-con e-child\" data-id=\"fae760d\" data-element_type=\"container\" data-e-type=\"container\" data-settings=\"{&quot;background_background&quot;:&quot;classic&quot;}\">\n\t\t\t\t<div class=\"elementor-element elementor-element-542491c elementor-widget elementor-widget-text-editor\" data-id=\"542491c\" data-element_type=\"widget\" data-e-type=\"widget\" data-widget_type=\"text-editor.default\">\n\t\t\t\t\t\t\t\t\t<p>Colegio de Abogados del Estado de Virginia<br>Colegio de Abogados de Fairfax<br>Asociaci\u00f3n de Abogados Litigantes de Virginia<\/p>\t\t\t\t\t\t\t\t<\/div>\n\t\t\t\t<\/div>\n\t\t\t\t<\/div>\n\t\t\t\t<\/div>\n\t\t\t\t\t<\/div>\n\t\t\t\t<\/div>\n\t\t\t\t<\/div>\n\t\t","protected":false},"excerpt":{"rendered":"<p>Dylan Phillips Dylan Phillips Abogado asociado (571) 474-1990 Dylan Phillips es miembro del Colegio de Abogados del Estado de Virginia y ha representado a clientes en asuntos relacionados con derecho mercantil y comercial, litigios de apelaci\u00f3n, disputas contractuales y otras formas de litigios civiles. Su trabajo refleja una combinaci\u00f3n de an\u00e1lisis jur\u00eddico y conocimientos pr\u00e1cticos sobre negocios, desarrollados a trav\u00e9s de su pr\u00e1ctica jur\u00eddica y su experiencia previa en consultor\u00eda. Dylan obtuvo su licenciatura en la Universidad James Madison. Durante ese tiempo, adquiri\u00f3 experiencia temprana en el \u00e1mbito jur\u00eddico trabajando tanto en una firma de defensa penal como en un despacho de derecho de familia. Tras graduarse, trabaj\u00f3 como consultor en Ernst &amp; Young, en el \u00e1rea de garant\u00eda de riesgos, y m\u00e1s tarde en Accenture Federal Services, donde su trabajo se centr\u00f3 en sistemas de gesti\u00f3n de contratos, procesos de auditor\u00eda interna y tecnolog\u00eda con un impacto financiero significativo. Posteriormente, obtuvo su t\u00edtulo de abogado en la Facultad de Derecho de la Universidad de Richmond, con especializaci\u00f3n en propiedad intelectual y un fuerte \u00e9nfasis en derecho mercantil. Durante sus estudios, Dylan fue editor de la Revista de Derecho y Tecnolog\u00eda, dirigi\u00f3 varias organizaciones estudiantiles, recibi\u00f3 reconocimiento por sus publicaciones en tecnolog\u00eda y derecho de propiedad intelectual, y fue finalista del Concurso de Abogados Iron Tech de Georgetown. Tambi\u00e9n adquiri\u00f3 experiencia pr\u00e1ctica mediante pr\u00e1cticas con un juez del tribunal federal de bancarrota, la Fiscal\u00eda de la Commonwealth de Arlington y un juez del Tribunal de Circuito de Fairfax. Tras graduarse, Dylan ejerci\u00f3 en una firma especializada en litigios civiles en Fairfax, Virginia. Est\u00e1 habilitado para ejercer ante los tribunales de la Mancomunidad de Virginia, varios Tribunales de Distrito de los Estados Unidos y el Tribunal de Apelaciones del Cuarto Circuito de los Estados Unidos. Sus escritos han aparecido en publicaciones acad\u00e9micas y profesionales, como la Revista de Derecho y Tecnolog\u00eda de la Universidad de Richmond, el blog de la FCPA y en trabajos colaborativos sobre cumplimiento corporativo y derecho de arbitraje. EDUCACI\u00d3N Doctorado en Derecho, Facultad de Derecho de la Universidad de Richmond (2021)Especializaci\u00f3n en Propiedad IntelectualLicenciatura en Administraci\u00f3n de Empresas, Universidad James Madison (2015)Especializaci\u00f3n en Sistemas Inform\u00e1ticosEspecializaci\u00f3n en Negocios Europeos \u00c1reas de pr\u00e1ctica Derecho mercantil\/Litigios comercialesLitigios de apelaci\u00f3nDerecho contractualDerecho inmobiliario Admisi\u00f3n al BAR Mancomunidad de Virginia (2021)Tribunal de Distrito de los Estados Unidos, Distrito Este de Virginia (2022)Tribunal de Distrito de los Estados Unidos, Distrito Oeste de Virginia (2022)Tribunal de Distrito de los Estados Unidos, Distrito de Columbia (2025)Tribunal de Apelaciones de los Estados Unidos, Cuarto Circuito (2025) Asociaciones comunitarias y profesionales Colegio de Abogados del Estado de VirginiaColegio de Abogados de FairfaxAsociaci\u00f3n de Abogados Litigantes de Virginia<\/p>\n","protected":false},"author":7,"featured_media":0,"parent":1612,"menu_order":0,"comment_status":"closed","ping_status":"closed","template":"","meta":{"_analytify_skip_tracking":false,"rank_math_title":"Dylan Phillips | Abogado Asociado en Fairfax Divorce Lawyers","rank_math_description":"Dylan Phillips representa a clientes en derecho comercial, disputas comerciales, asuntos contractuales y casos civiles.","rank_math_focus_keyword":"Dylan Phillips","rank_math_canonical_url":"","footnotes":""},"class_list":["post-6153","page","type-page","status-publish","hentry"],"_links":{"self":[{"href":"https:\/\/www.fairfaxdivorcelawyers.com\/es\/wp-json\/wp\/v2\/pages\/6153","targetHints":{"allow":["GET"]}}],"collection":[{"href":"https:\/\/www.fairfaxdivorcelawyers.com\/es\/wp-json\/wp\/v2\/pages"}],"about":[{"href":"https:\/\/www.fairfaxdivorcelawyers.com\/es\/wp-json\/wp\/v2\/types\/page"}],"author":[{"embeddable":true,"href":"https:\/\/www.fairfaxdivorcelawyers.com\/es\/wp-json\/wp\/v2\/users\/7"}],"replies":[{"embeddable":true,"href":"https:\/\/www.fairfaxdivorcelawyers.com\/es\/wp-json\/wp\/v2\/comments?post=6153"}],"version-history":[{"count":16,"href":"https:\/\/www.fairfaxdivorcelawyers.com\/es\/wp-json\/wp\/v2\/pages\/6153\/revisions"}],"predecessor-version":[{"id":6659,"href":"https:\/\/www.fairfaxdivorcelawyers.com\/es\/wp-json\/wp\/v2\/pages\/6153\/revisions\/6659"}],"up":[{"embeddable":true,"href":"https:\/\/www.fairfaxdivorcelawyers.com\/es\/wp-json\/wp\/v2\/pages\/1612"}],"wp:attachment":[{"href":"https:\/\/www.fairfaxdivorcelawyers.com\/es\/wp-json\/wp\/v2\/media?parent=6153"}],"curies":[{"name":"wp","href":"https:\/\/api.w.org\/{rel}","templated":true}]}}