{"id":7160,"date":"2026-04-01T14:17:42","date_gmt":"2026-04-01T14:17:42","guid":{"rendered":"https:\/\/www.fairfaxdivorcelawyers.com\/?page_id=7160"},"modified":"2026-04-01T15:08:10","modified_gmt":"2026-04-01T15:08:10","slug":"elnaz-azim","status":"publish","type":"page","link":"https:\/\/www.fairfaxdivorcelawyers.com\/es\/conozca-al-equipo\/elnaz-azim\/","title":{"rendered":"Elnaz Azim &#8211; Asistente Legal"},"content":{"rendered":"\t\t<div data-elementor-type=\"wp-page\" data-elementor-id=\"7160\" class=\"elementor elementor-7160 elementor-7152\">\n\t\t\t\t<div class=\"elementor-element elementor-element-f1f0f3d e-flex e-con-boxed wpr-particle-no wpr-jarallax-no wpr-parallax-no wpr-sticky-section-no wpr-equal-height-no e-con e-parent\" data-id=\"f1f0f3d\" data-element_type=\"container\" data-e-type=\"container\" data-settings=\"{&quot;background_background&quot;:&quot;classic&quot;}\">\n\t\t\t\t\t<div class=\"e-con-inner\">\n\t\t\t\t<div class=\"elementor-element elementor-element-feaac18 elementor-widget elementor-widget-heading\" data-id=\"feaac18\" data-element_type=\"widget\" data-e-type=\"widget\" data-widget_type=\"heading.default\">\n\t\t\t\t\t<h1 class=\"elementor-heading-title elementor-size-default\">Elnaz Azim<\/h1>\t\t\t\t<\/div>\n\t\t\t\t\t<\/div>\n\t\t\t\t<\/div>\n\t\t<div class=\"elementor-element elementor-element-b0502aa e-flex e-con-boxed wpr-particle-no wpr-jarallax-no wpr-parallax-no wpr-sticky-section-no wpr-equal-height-no e-con e-parent\" data-id=\"b0502aa\" data-element_type=\"container\" data-e-type=\"container\">\n\t\t\t\t\t<div class=\"e-con-inner\">\n\t\t<div class=\"elementor-element elementor-element-fd32a7f e-con-full e-flex wpr-particle-no wpr-jarallax-no wpr-parallax-no wpr-sticky-section-no wpr-equal-height-no e-con e-child\" data-id=\"fd32a7f\" data-element_type=\"container\" data-e-type=\"container\">\n\t\t\t\t<div class=\"elementor-element elementor-element-70287e6 elementor-widget elementor-widget-image\" data-id=\"70287e6\" data-element_type=\"widget\" data-e-type=\"widget\" data-widget_type=\"image.default\">\n\t\t\t\t\t\t\t\t\t\t\t\t\t\t\t<img fetchpriority=\"high\" decoding=\"async\" width=\"670\" height=\"739\" src=\"https:\/\/www.fairfaxdivorcelawyers.com\/wp-content\/uploads\/2026\/04\/elnaz-azim-asistente-legal-fairfax-divorce-lawyers.webp\" class=\"attachment-large size-large wp-image-7162\" alt=\"Elnaz Azim Asistente Legal Fairfax Divorce Lawyers\" srcset=\"https:\/\/www.fairfaxdivorcelawyers.com\/wp-content\/uploads\/2026\/04\/elnaz-azim-asistente-legal-fairfax-divorce-lawyers.webp 670w, https:\/\/www.fairfaxdivorcelawyers.com\/wp-content\/uploads\/2026\/04\/elnaz-azim-asistente-legal-fairfax-divorce-lawyers-272x300.webp 272w\" sizes=\"(max-width: 670px) 100vw, 670px\" \/>\t\t\t\t\t\t\t\t\t\t\t\t\t\t\t<\/div>\n\t\t\t\t<div class=\"elementor-element elementor-element-3afbbb0 elementor-widget elementor-widget-text-editor\" data-id=\"3afbbb0\" data-element_type=\"widget\" data-e-type=\"widget\" data-widget_type=\"text-editor.default\">\n\t\t\t\t\t\t\t\t\tElnaz Azim\t\t\t\t\t\t\t\t<\/div>\n\t\t\t\t<div class=\"elementor-element elementor-element-b7555cb elementor-widget elementor-widget-text-editor\" data-id=\"b7555cb\" data-element_type=\"widget\" data-e-type=\"widget\" data-widget_type=\"text-editor.default\">\n\t\t\t\t\t\t\t\t\t<h2>Asistente Legal<\/h2>\t\t\t\t\t\t\t\t<\/div>\n\t\t\t\t<div class=\"elementor-element elementor-element-e826292 dark-popup-btn elementor-widget elementor-widget-text-editor\" data-id=\"e826292\" data-element_type=\"widget\" data-e-type=\"widget\" data-widget_type=\"text-editor.default\">\n\t\t\t\t\t\t\t\t\t<p>[popup_anything id=\u00bb71&#8243;]<\/p>\t\t\t\t\t\t\t\t<\/div>\n\t\t\t\t<div class=\"elementor-element elementor-element-c804e36 elementor-align-center elementor-widget elementor-widget-button\" data-id=\"c804e36\" data-element_type=\"widget\" data-e-type=\"widget\" data-widget_type=\"button.default\">\n\t\t\t\t\t\t\t\t\t\t<a class=\"elementor-button elementor-button-link elementor-size-sm\" href=\"tel:+1-571-474-1990\">\n\t\t\t\t\t\t<span class=\"elementor-button-content-wrapper\">\n\t\t\t\t\t\t<span class=\"elementor-button-icon\">\n\t\t\t\t<svg aria-hidden=\"true\" class=\"e-font-icon-svg e-fas-phone-alt\" viewBox=\"0 0 512 512\" xmlns=\"http:\/\/www.w3.org\/2000\/svg\"><path d=\"M497.39 361.8l-112-48a24 24 0 0 0-28 6.9l-49.6 60.6A370.66 370.66 0 0 1 130.6 204.11l60.6-49.6a23.94 23.94 0 0 0 6.9-28l-48-112A24.16 24.16 0 0 0 122.6.61l-104 24A24 24 0 0 0 0 48c0 256.5 207.9 464 464 464a24 24 0 0 0 23.4-18.6l24-104a24.29 24.29 0 0 0-14.01-27.6z\"><\/path><\/svg>\t\t\t<\/span>\n\t\t\t\t\t\t\t\t\t<span class=\"elementor-button-text\">(571) 474-1990<\/span>\n\t\t\t\t\t<\/span>\n\t\t\t\t\t<\/a>\n\t\t\t\t\t\t\t\t<\/div>\n\t\t\t\t<\/div>\n\t\t<div class=\"elementor-element elementor-element-28adb43 e-con-full e-flex wpr-particle-no wpr-jarallax-no wpr-parallax-no wpr-sticky-section-no wpr-equal-height-no e-con e-child\" data-id=\"28adb43\" data-element_type=\"container\" data-e-type=\"container\">\n\t\t\t\t<div class=\"elementor-element elementor-element-8927609 elementor-widget elementor-widget-text-editor\" data-id=\"8927609\" data-element_type=\"widget\" data-e-type=\"widget\" data-widget_type=\"text-editor.default\">\n\t\t\t\t\t\t\t\t\t<p>Elnaz Azim trabaja como asistente legal en Fairfax Divorce Lawyers, donde apoya al equipo legal en una amplia gama de tareas relacionadas con casos. Sus responsabilidades incluyen ayudar con la admisi\u00f3n de casos, las investigaciones, la organizaci\u00f3n de descubrimientos, la redacci\u00f3n de documentos, la coordinaci\u00f3n de presentaciones, la preparaci\u00f3n de materiales para el juicio y el mantenimiento de una comunicaci\u00f3n constante con los clientes. Valora la organizaci\u00f3n en todos los aspectos de su trabajo y cree que un entorno bien estructurado ayuda a respaldar el pensamiento claro y la colaboraci\u00f3n eficaz.  <\/p><p>Elnaz pas\u00f3 su infancia entre Carolina del Norte y el norte de Virginia, experiencias que moldearon su inter\u00e9s por el derecho, las pol\u00edticas y los asuntos globales. Obtuvo una Licenciatura en Relaciones Internacionales de Virginia Tech en 2023 y luego complet\u00f3 una Maestr\u00eda en Seguridad Nacional en la Universidad George Washington en 2025. Despu\u00e9s de graduarse, trabaj\u00f3 durante dos a\u00f1os dentro del gobierno federal, adquiriendo exposici\u00f3n al trabajo legal y pol\u00edtico a nivel institucional. Desde que se uni\u00f3 a la firma, ha seguido desarrollando sus habilidades profesionales y actualmente est\u00e1 cursando su certificaci\u00f3n de asistente legal.   <\/p><p>Fuera de la oficina, a Elnaz le gusta asistir a conciertos, pasar tiempo con amigos, leer y preparar postres.<\/p>\t\t\t\t\t\t\t\t<\/div>\n\t\t\t\t<\/div>\n\t\t\t\t\t<\/div>\n\t\t\t\t<\/div>\n\t\t<div class=\"elementor-element elementor-element-6c42fa7 e-flex e-con-boxed wpr-particle-no wpr-jarallax-no wpr-parallax-no wpr-sticky-section-no wpr-equal-height-no e-con e-parent\" data-id=\"6c42fa7\" data-element_type=\"container\" data-e-type=\"container\">\n\t\t\t\t\t<div class=\"e-con-inner\">\n\t\t<div class=\"elementor-element elementor-element-87983e8 e-con-full e-grid wpr-particle-no wpr-jarallax-no wpr-parallax-no wpr-sticky-section-no wpr-equal-height-no e-con e-child\" data-id=\"87983e8\" data-element_type=\"container\" data-e-type=\"container\" data-settings=\"{&quot;background_background&quot;:&quot;classic&quot;}\">\n\t\t<div class=\"elementor-element elementor-element-9e6441f e-con-full e-flex wpr-particle-no wpr-jarallax-no wpr-parallax-no wpr-sticky-section-no wpr-equal-height-no e-con e-child\" data-id=\"9e6441f\" data-element_type=\"container\" data-e-type=\"container\" data-settings=\"{&quot;background_background&quot;:&quot;classic&quot;}\">\n\t\t\t\t<div class=\"elementor-element elementor-element-551228e elementor-widget elementor-widget-text-editor\" data-id=\"551228e\" data-element_type=\"widget\" data-e-type=\"widget\" data-widget_type=\"text-editor.default\">\n\t\t\t\t\t\t\t\t\t<p>EDUCACI\u00d3N<\/p>\t\t\t\t\t\t\t\t<\/div>\n\t\t<div class=\"elementor-element elementor-element-2c0e2b9 e-con-full e-flex wpr-particle-no wpr-jarallax-no wpr-parallax-no wpr-sticky-section-no wpr-equal-height-no e-con e-child\" data-id=\"2c0e2b9\" data-element_type=\"container\" data-e-type=\"container\" data-settings=\"{&quot;background_background&quot;:&quot;classic&quot;}\">\n\t\t\t\t<div class=\"elementor-element elementor-element-2a93338 elementor-widget elementor-widget-text-editor\" data-id=\"2a93338\" data-element_type=\"widget\" data-e-type=\"widget\" data-widget_type=\"text-editor.default\">\n\t\t\t\t\t\t\t\t\t<p>Maestr\u00eda de la Universidad George Washington, <strong>2025<\/strong><\/p><p>Licenciatura de Virginia Tech, <strong>2023<\/strong><\/p>\t\t\t\t\t\t\t\t<\/div>\n\t\t\t\t<\/div>\n\t\t\t\t<\/div>\n\t\t\t\t<\/div>\n\t\t\t\t\t<\/div>\n\t\t\t\t<\/div>\n\t\t\t\t<\/div>\n\t\t","protected":false},"excerpt":{"rendered":"<p>Elnaz Azim Elnaz Azim Asistente Legal [popup_anything id=\u00bb71&#8243;] (571) 474-1990 Elnaz Azim trabaja como asistente legal en Fairfax Divorce Lawyers, donde apoya al equipo legal en una amplia gama de tareas relacionadas con casos. Sus responsabilidades incluyen ayudar con la admisi\u00f3n de casos, las investigaciones, la organizaci\u00f3n de descubrimientos, la redacci\u00f3n de documentos, la coordinaci\u00f3n de presentaciones, la preparaci\u00f3n de materiales para el juicio y el mantenimiento de una comunicaci\u00f3n constante con los clientes. Valora la organizaci\u00f3n en todos los aspectos de su trabajo y cree que un entorno bien estructurado ayuda a respaldar el pensamiento claro y la colaboraci\u00f3n eficaz. Elnaz pas\u00f3 su infancia entre Carolina del Norte y el norte de Virginia, experiencias que moldearon su inter\u00e9s por el derecho, las pol\u00edticas y los asuntos globales. Obtuvo una Licenciatura en Relaciones Internacionales de Virginia Tech en 2023 y luego complet\u00f3 una Maestr\u00eda en Seguridad Nacional en la Universidad George Washington en 2025. Despu\u00e9s de graduarse, trabaj\u00f3 durante dos a\u00f1os dentro del gobierno federal, adquiriendo exposici\u00f3n al trabajo legal y pol\u00edtico a nivel institucional. Desde que se uni\u00f3 a la firma, ha seguido desarrollando sus habilidades profesionales y actualmente est\u00e1 cursando su certificaci\u00f3n de asistente legal. Fuera de la oficina, a Elnaz le gusta asistir a conciertos, pasar tiempo con amigos, leer y preparar postres. EDUCACI\u00d3N Maestr\u00eda de la Universidad George Washington, 2025 Licenciatura de Virginia Tech, 2023<\/p>\n","protected":false},"author":7,"featured_media":0,"parent":1612,"menu_order":0,"comment_status":"closed","ping_status":"closed","template":"","meta":{"_analytify_skip_tracking":false,"rank_math_title":"Elnaz Azim | Asistente Legal","rank_math_description":"Elnaz Azim, asistente legal de Fairfax Divorce Lawyers, ayuda a mantener una comunicaci\u00f3n clara y eficaz con el cliente.","rank_math_focus_keyword":"Elnaz Azim","rank_math_canonical_url":"","footnotes":""},"class_list":["post-7160","page","type-page","status-publish","hentry"],"_links":{"self":[{"href":"https:\/\/www.fairfaxdivorcelawyers.com\/es\/wp-json\/wp\/v2\/pages\/7160","targetHints":{"allow":["GET"]}}],"collection":[{"href":"https:\/\/www.fairfaxdivorcelawyers.com\/es\/wp-json\/wp\/v2\/pages"}],"about":[{"href":"https:\/\/www.fairfaxdivorcelawyers.com\/es\/wp-json\/wp\/v2\/types\/page"}],"author":[{"embeddable":true,"href":"https:\/\/www.fairfaxdivorcelawyers.com\/es\/wp-json\/wp\/v2\/users\/7"}],"replies":[{"embeddable":true,"href":"https:\/\/www.fairfaxdivorcelawyers.com\/es\/wp-json\/wp\/v2\/comments?post=7160"}],"version-history":[{"count":7,"href":"https:\/\/www.fairfaxdivorcelawyers.com\/es\/wp-json\/wp\/v2\/pages\/7160\/revisions"}],"predecessor-version":[{"id":7174,"href":"https:\/\/www.fairfaxdivorcelawyers.com\/es\/wp-json\/wp\/v2\/pages\/7160\/revisions\/7174"}],"up":[{"embeddable":true,"href":"https:\/\/www.fairfaxdivorcelawyers.com\/es\/wp-json\/wp\/v2\/pages\/1612"}],"wp:attachment":[{"href":"https:\/\/www.fairfaxdivorcelawyers.com\/es\/wp-json\/wp\/v2\/media?parent=7160"}],"curies":[{"name":"wp","href":"https:\/\/api.w.org\/{rel}","templated":true}]}}