{"id":7176,"date":"2026-04-01T15:05:06","date_gmt":"2026-04-01T15:05:06","guid":{"rendered":"https:\/\/www.fairfaxdivorcelawyers.com\/?page_id=7176"},"modified":"2026-04-23T16:41:11","modified_gmt":"2026-04-23T16:41:11","slug":"diana-gomez","status":"publish","type":"page","link":"https:\/\/www.fairfaxdivorcelawyers.com\/es\/conozca-al-equipo\/diana-gomez\/","title":{"rendered":"Diana Gomez &#8211; Especialista en admisiones"},"content":{"rendered":"\t\t<div data-elementor-type=\"wp-page\" data-elementor-id=\"7176\" class=\"elementor elementor-7176 elementor-7166\">\n\t\t\t\t<div class=\"elementor-element elementor-element-f1f0f3d e-flex e-con-boxed wpr-particle-no wpr-jarallax-no wpr-parallax-no wpr-sticky-section-no wpr-equal-height-no e-con e-parent\" data-id=\"f1f0f3d\" data-element_type=\"container\" data-e-type=\"container\" data-settings=\"{&quot;background_background&quot;:&quot;classic&quot;}\">\n\t\t\t\t\t<div class=\"e-con-inner\">\n\t\t\t\t<div class=\"elementor-element elementor-element-feaac18 elementor-widget elementor-widget-heading\" data-id=\"feaac18\" data-element_type=\"widget\" data-e-type=\"widget\" data-widget_type=\"heading.default\">\n\t\t\t\t\t<h1 class=\"elementor-heading-title elementor-size-default\">Diana Gomez<\/h1>\t\t\t\t<\/div>\n\t\t\t\t\t<\/div>\n\t\t\t\t<\/div>\n\t\t<div class=\"elementor-element elementor-element-b0502aa e-flex e-con-boxed wpr-particle-no wpr-jarallax-no wpr-parallax-no wpr-sticky-section-no wpr-equal-height-no e-con e-parent\" data-id=\"b0502aa\" data-element_type=\"container\" data-e-type=\"container\">\n\t\t\t\t\t<div class=\"e-con-inner\">\n\t\t<div class=\"elementor-element elementor-element-fd32a7f e-con-full e-flex wpr-particle-no wpr-jarallax-no wpr-parallax-no wpr-sticky-section-no wpr-equal-height-no e-con e-child\" data-id=\"fd32a7f\" data-element_type=\"container\" data-e-type=\"container\">\n\t\t\t\t<div class=\"elementor-element elementor-element-70287e6 elementor-widget elementor-widget-image\" data-id=\"70287e6\" data-element_type=\"widget\" data-e-type=\"widget\" data-widget_type=\"image.default\">\n\t\t\t\t\t\t\t\t\t\t\t\t\t\t\t<img fetchpriority=\"high\" decoding=\"async\" width=\"670\" height=\"739\" src=\"https:\/\/www.fairfaxdivorcelawyers.com\/wp-content\/uploads\/2026\/04\/diana-gomez-especialista-en-admisiones-fairfax-divorce-lawyers.webp\" class=\"attachment-large size-large wp-image-7178\" alt=\"Diana Gomez Especialista en Admisiones Fairfax Divorce Lawyers\" srcset=\"https:\/\/www.fairfaxdivorcelawyers.com\/wp-content\/uploads\/2026\/04\/diana-gomez-especialista-en-admisiones-fairfax-divorce-lawyers.webp 670w, https:\/\/www.fairfaxdivorcelawyers.com\/wp-content\/uploads\/2026\/04\/diana-gomez-especialista-en-admisiones-fairfax-divorce-lawyers-272x300.webp 272w\" sizes=\"(max-width: 670px) 100vw, 670px\" \/>\t\t\t\t\t\t\t\t\t\t\t\t\t\t\t<\/div>\n\t\t\t\t<div class=\"elementor-element elementor-element-3afbbb0 elementor-widget elementor-widget-text-editor\" data-id=\"3afbbb0\" data-element_type=\"widget\" data-e-type=\"widget\" data-widget_type=\"text-editor.default\">\n\t\t\t\t\t\t\t\t\tDiana Gomez\t\t\t\t\t\t\t\t<\/div>\n\t\t\t\t<div class=\"elementor-element elementor-element-b7555cb elementor-widget elementor-widget-text-editor\" data-id=\"b7555cb\" data-element_type=\"widget\" data-e-type=\"widget\" data-widget_type=\"text-editor.default\">\n\t\t\t\t\t\t\t\t\t<h2>Especialista en admisiones<\/h2>\t\t\t\t\t\t\t\t<\/div>\n\t\t\t\t<div class=\"elementor-element elementor-element-e826292 dark-popup-btn elementor-widget elementor-widget-text-editor\" data-id=\"e826292\" data-element_type=\"widget\" data-e-type=\"widget\" data-widget_type=\"text-editor.default\">\n\t\t\t\t\t\t\t\t\t<p>[popup_anything id=\u00bb71&#8243;]<\/p>\t\t\t\t\t\t\t\t<\/div>\n\t\t\t\t<div class=\"elementor-element elementor-element-c804e36 elementor-align-center elementor-widget elementor-widget-button\" data-id=\"c804e36\" data-element_type=\"widget\" data-e-type=\"widget\" data-widget_type=\"button.default\">\n\t\t\t\t\t\t\t\t\t\t<a class=\"elementor-button elementor-button-link elementor-size-sm\" href=\"tel:+1-571-474-1990\">\n\t\t\t\t\t\t<span class=\"elementor-button-content-wrapper\">\n\t\t\t\t\t\t<span class=\"elementor-button-icon\">\n\t\t\t\t<svg aria-hidden=\"true\" class=\"e-font-icon-svg e-fas-phone-alt\" viewBox=\"0 0 512 512\" xmlns=\"http:\/\/www.w3.org\/2000\/svg\"><path d=\"M497.39 361.8l-112-48a24 24 0 0 0-28 6.9l-49.6 60.6A370.66 370.66 0 0 1 130.6 204.11l60.6-49.6a23.94 23.94 0 0 0 6.9-28l-48-112A24.16 24.16 0 0 0 122.6.61l-104 24A24 24 0 0 0 0 48c0 256.5 207.9 464 464 464a24 24 0 0 0 23.4-18.6l24-104a24.29 24.29 0 0 0-14.01-27.6z\"><\/path><\/svg>\t\t\t<\/span>\n\t\t\t\t\t\t\t\t\t<span class=\"elementor-button-text\">(571) 474-1990<\/span>\n\t\t\t\t\t<\/span>\n\t\t\t\t\t<\/a>\n\t\t\t\t\t\t\t\t<\/div>\n\t\t\t\t<\/div>\n\t\t<div class=\"elementor-element elementor-element-28adb43 e-con-full e-flex wpr-particle-no wpr-jarallax-no wpr-parallax-no wpr-sticky-section-no wpr-equal-height-no e-con e-child\" data-id=\"28adb43\" data-element_type=\"container\" data-e-type=\"container\">\n\t\t\t\t<div class=\"elementor-element elementor-element-8927609 elementor-widget elementor-widget-text-editor\" data-id=\"8927609\" data-element_type=\"widget\" data-e-type=\"widget\" data-widget_type=\"text-editor.default\">\n\t\t\t\t\t\t\t\t\t<p>Diana G\u00f3mez se desempe\u00f1a como especialista en admisi\u00f3n en Fairfax Divorce Lawyers, donde apoya a la Divisi\u00f3n de Servicios al Cliente y ayuda a guiar a las personas en los primeros pasos de su recorrido legal. Su pasi\u00f3n por trabajar con personas encaja naturalmente con la misi\u00f3n de la empresa de ayudar a los dem\u00e1s. Reconociendo que las preocupaciones legales pueden resultar abrumadoras, se concentra en crear una experiencia acogedora y de apoyo para que los clientes se sientan escuchados, tranquilos y confiados a medida que avanzan.<\/p><p>Diana creci\u00f3 en Virginia y obtuvo su Certificado de Paralegal de la Universidad Texas A&amp;M en 2019. Posteriormente recibi\u00f3 su licenciatura en Ciencias Pol\u00edticas de la Universidad de Maryland en 2022. Antes de unirse a la firma, pas\u00f3 varios a\u00f1os trabajando en inmigraci\u00f3n y derecho de familia, as\u00ed como en educaci\u00f3n ESOL, sirviendo como maestra y coordinadora de casos. Durante su tiempo en los servicios de inmigraci\u00f3n, trabaj\u00f3 como Directora del Programa de Naturalizaci\u00f3n y ayud\u00f3 a m\u00e1s de 200 clientes cada trimestre. Despu\u00e9s de vivir un caso familiar profundamente significativo, decidi\u00f3 centrarse en un rol que permitiera un apoyo m\u00e1s cercano y directo al cliente.<\/p><p>Fuera del trabajo, Diana disfruta pasar tiempo con su abuela, practicar bordado, viajar y hornear.<\/p>\t\t\t\t\t\t\t\t<\/div>\n\t\t\t\t<\/div>\n\t\t\t\t\t<\/div>\n\t\t\t\t<\/div>\n\t\t<div class=\"elementor-element elementor-element-6c42fa7 e-flex e-con-boxed wpr-particle-no wpr-jarallax-no wpr-parallax-no wpr-sticky-section-no wpr-equal-height-no e-con e-parent\" data-id=\"6c42fa7\" data-element_type=\"container\" data-e-type=\"container\">\n\t\t\t\t\t<div class=\"e-con-inner\">\n\t\t<div class=\"elementor-element elementor-element-87983e8 e-con-full e-grid wpr-particle-no wpr-jarallax-no wpr-parallax-no wpr-sticky-section-no wpr-equal-height-no e-con e-child\" data-id=\"87983e8\" data-element_type=\"container\" data-e-type=\"container\" data-settings=\"{&quot;background_background&quot;:&quot;classic&quot;}\">\n\t\t<div class=\"elementor-element elementor-element-9e6441f e-con-full e-flex wpr-particle-no wpr-jarallax-no wpr-parallax-no wpr-sticky-section-no wpr-equal-height-no e-con e-child\" data-id=\"9e6441f\" data-element_type=\"container\" data-e-type=\"container\" data-settings=\"{&quot;background_background&quot;:&quot;classic&quot;}\">\n\t\t\t\t<div class=\"elementor-element elementor-element-551228e elementor-widget elementor-widget-text-editor\" data-id=\"551228e\" data-element_type=\"widget\" data-e-type=\"widget\" data-widget_type=\"text-editor.default\">\n\t\t\t\t\t\t\t\t\t<p>EDUCACI\u00d3N<\/p>\t\t\t\t\t\t\t\t<\/div>\n\t\t<div class=\"elementor-element elementor-element-2c0e2b9 e-con-full e-flex wpr-particle-no wpr-jarallax-no wpr-parallax-no wpr-sticky-section-no wpr-equal-height-no e-con e-child\" data-id=\"2c0e2b9\" data-element_type=\"container\" data-e-type=\"container\" data-settings=\"{&quot;background_background&quot;:&quot;classic&quot;}\">\n\t\t\t\t<div class=\"elementor-element elementor-element-2a93338 elementor-widget elementor-widget-text-editor\" data-id=\"2a93338\" data-element_type=\"widget\" data-e-type=\"widget\" data-widget_type=\"text-editor.default\">\n\t\t\t\t\t\t\t\t\t<p>Certificado de asistente jur\u00eddico de la Universidad de Texas A&amp;M <strong>(2019)<\/strong><br>Licenciatura de la Universidad de Maryland <strong>(2022)<\/strong><\/p>\t\t\t\t\t\t\t\t<\/div>\n\t\t\t\t<\/div>\n\t\t\t\t<\/div>\n\t\t\t\t<\/div>\n\t\t\t\t\t<\/div>\n\t\t\t\t<\/div>\n\t\t\t\t<\/div>\n\t\t","protected":false},"excerpt":{"rendered":"<p>Diana Gomez Diana Gomez Especialista en admisiones [popup_anything id=\u00bb71&#8243;] (571) 474-1990 Diana G\u00f3mez se desempe\u00f1a como especialista en admisi\u00f3n en Fairfax Divorce Lawyers, donde apoya a la Divisi\u00f3n de Servicios al Cliente y ayuda a guiar a las personas en los primeros pasos de su recorrido legal. Su pasi\u00f3n por trabajar con personas encaja naturalmente con la misi\u00f3n de la empresa de ayudar a los dem\u00e1s. Reconociendo que las preocupaciones legales pueden resultar abrumadoras, se concentra en crear una experiencia acogedora y de apoyo para que los clientes se sientan escuchados, tranquilos y confiados a medida que avanzan. Diana creci\u00f3 en Virginia y obtuvo su Certificado de Paralegal de la Universidad Texas A&amp;M en 2019. Posteriormente recibi\u00f3 su licenciatura en Ciencias Pol\u00edticas de la Universidad de Maryland en 2022. Antes de unirse a la firma, pas\u00f3 varios a\u00f1os trabajando en inmigraci\u00f3n y derecho de familia, as\u00ed como en educaci\u00f3n ESOL, sirviendo como maestra y coordinadora de casos. Durante su tiempo en los servicios de inmigraci\u00f3n, trabaj\u00f3 como Directora del Programa de Naturalizaci\u00f3n y ayud\u00f3 a m\u00e1s de 200 clientes cada trimestre. Despu\u00e9s de vivir un caso familiar profundamente significativo, decidi\u00f3 centrarse en un rol que permitiera un apoyo m\u00e1s cercano y directo al cliente. Fuera del trabajo, Diana disfruta pasar tiempo con su abuela, practicar bordado, viajar y hornear. EDUCACI\u00d3N Certificado de asistente jur\u00eddico de la Universidad de Texas A&amp;M (2019)Licenciatura de la Universidad de Maryland (2022)<\/p>\n","protected":false},"author":7,"featured_media":0,"parent":1612,"menu_order":0,"comment_status":"closed","ping_status":"closed","template":"","meta":{"_analytify_skip_tracking":false,"rank_math_title":"Diana Gomez | Especialista en admisiones","rank_math_description":"Diana Gomez, especialista de admisi\u00f3n en Fairfax Divorce Lawyers, apoya la incorporaci\u00f3n de clientes y la documentaci\u00f3n del caso.","rank_math_focus_keyword":"Diana Gomez","rank_math_canonical_url":"","footnotes":""},"class_list":["post-7176","page","type-page","status-publish","hentry"],"_links":{"self":[{"href":"https:\/\/www.fairfaxdivorcelawyers.com\/es\/wp-json\/wp\/v2\/pages\/7176","targetHints":{"allow":["GET"]}}],"collection":[{"href":"https:\/\/www.fairfaxdivorcelawyers.com\/es\/wp-json\/wp\/v2\/pages"}],"about":[{"href":"https:\/\/www.fairfaxdivorcelawyers.com\/es\/wp-json\/wp\/v2\/types\/page"}],"author":[{"embeddable":true,"href":"https:\/\/www.fairfaxdivorcelawyers.com\/es\/wp-json\/wp\/v2\/users\/7"}],"replies":[{"embeddable":true,"href":"https:\/\/www.fairfaxdivorcelawyers.com\/es\/wp-json\/wp\/v2\/comments?post=7176"}],"version-history":[{"count":7,"href":"https:\/\/www.fairfaxdivorcelawyers.com\/es\/wp-json\/wp\/v2\/pages\/7176\/revisions"}],"predecessor-version":[{"id":7191,"href":"https:\/\/www.fairfaxdivorcelawyers.com\/es\/wp-json\/wp\/v2\/pages\/7176\/revisions\/7191"}],"up":[{"embeddable":true,"href":"https:\/\/www.fairfaxdivorcelawyers.com\/es\/wp-json\/wp\/v2\/pages\/1612"}],"wp:attachment":[{"href":"https:\/\/www.fairfaxdivorcelawyers.com\/es\/wp-json\/wp\/v2\/media?parent=7176"}],"curies":[{"name":"wp","href":"https:\/\/api.w.org\/{rel}","templated":true}]}}